{"id":3959,"date":"2025-04-16T14:35:25","date_gmt":"2025-04-16T18:35:25","guid":{"rendered":"https:\/\/mtlpickleball.com\/rules\/"},"modified":"2025-11-19T09:58:19","modified_gmt":"2025-11-19T14:58:19","slug":"rules","status":"publish","type":"page","link":"https:\/\/mtlpickleball.com\/fr\/rules\/","title":{"rendered":"Rules"},"content":{"rendered":"<div class=\"wpb-content-wrapper\"><p>[vc_row css=\u00a0\u00bb.vc_custom_1744825231880{background-color: #000000 !important;}\u00a0\u00bb conditional_render=\u00a0\u00bb%5B%7B%22value_role%22%3A%22administrator%22%7D%5D\u00a0\u00bb css_params=\u00a0\u00bb\u00a0\u00bb][vc_column width=\u00a0\u00bb1\/2&Prime;][vc_column_text css=\u00a0\u00bb.vc_custom_1744831062782{padding-top: 20px !important;}\u00a0\u00bb text_color=\u00a0\u00bb#ccdf23&Prime; css_params=\u00a0\u00bb\u00a0\u00bb]<\/p>\n<h1><i>REGLES DU JEU<\/i><\/h1>\n<h3>1. LE SERVICE<\/h3>\n<p>[\/vc_column_text]<div class=\"porto-sicon-box game-rules-font  wpb_custom_fa7388a909476f13c24f8fa9700ad3d5 style_1 left-icon\"><div class=\"porto-sicon-left\"><div class=\"porto-just-icon-wrapper porto-icon none\" style=\"color:#ccdf23;font-size:32px;\"><i class=\"fas fa-angle-right\"><\/i><\/div><\/div><div class=\"porto-sicon-body\"><div class=\"porto-sicon-header\"><h3 class=\"porto-sicon-title\" style=\"color:#ffffff;\">Doit \u00eatre effectu\u00e9 sous la hanche avec la pagaie en dessous de la taille.<\/h3><\/div> <!-- header --><\/div><\/div><!-- porto-sicon-box --><div class=\"porto-sicon-box game-rules-font  wpb_custom_fa7388a909476f13c24f8fa9700ad3d5 style_1 left-icon\"><div class=\"porto-sicon-left\"><div class=\"porto-just-icon-wrapper porto-icon none\" style=\"color:#ccdf23;font-size:32px;\"><i class=\"fas fa-angle-right\"><\/i><\/div><\/div><div class=\"porto-sicon-body\"><div class=\"porto-sicon-header\"><h3 class=\"porto-sicon-title\" style=\"color:#ffffff;\">Le serveur doit se tenir derri\u00e8re la ligne de fond et servir en diagonale.<\/h3><\/div> <!-- header --><\/div><\/div><!-- porto-sicon-box --><div class=\"porto-sicon-box game-rules-font  wpb_custom_fa7388a909476f13c24f8fa9700ad3d5 style_1 left-icon\"><div class=\"porto-sicon-left\"><div class=\"porto-just-icon-wrapper porto-icon none\" style=\"color:#ccdf23;font-size:32px;\"><i class=\"fas fa-angle-right\"><\/i><\/div><\/div><div class=\"porto-sicon-body\"><div class=\"porto-sicon-header\"><h3 class=\"porto-sicon-title\" style=\"color:#ffffff;\">La balle doit d\u00e9passer la zone de non-vol\u00e9e (\"kitchen\") et atterrir dans le bon carr\u00e9 de service.<\/h3><\/div> <!-- header --><\/div><\/div><!-- porto-sicon-box --><div class=\"porto-sicon-box game-rules-font  wpb_custom_fa7388a909476f13c24f8fa9700ad3d5 style_1 left-icon\"><div class=\"porto-sicon-left\"><div class=\"porto-just-icon-wrapper porto-icon none\" style=\"color:#ccdf23;font-size:32px;\"><i class=\"fas fa-angle-right\"><\/i><\/div><\/div><div class=\"porto-sicon-body\"><div class=\"porto-sicon-header\"><h3 class=\"porto-sicon-title\" style=\"color:#ffffff;\">Un seul essai de service est autoris\u00e9, sauf en cas de let (si la balle touche le filet et atterrit dans le bon carr\u00e9 de service).<\/h3><\/div> <!-- header --><\/div><\/div><!-- porto-sicon-box -->[vc_column_text css=\u00a0\u00bb.vc_custom_1744831155273{padding-top: 20px !important;}\u00a0\u00bb text_color=\u00a0\u00bb#ccdf23&Prime; css_params=\u00a0\u00bb\u00a0\u00bb]<\/p>\n<h3>2. R\u00c8GLE DU DOUBLE REBOND<\/h3>\n<p>[\/vc_column_text]<div class=\"porto-sicon-box game-rules-font  wpb_custom_fa7388a909476f13c24f8fa9700ad3d5 style_1 left-icon\"><div class=\"porto-sicon-left\"><div class=\"porto-just-icon-wrapper porto-icon none\" style=\"color:#ccdf23;font-size:32px;\"><i class=\"fas fa-angle-right\"><\/i><\/div><\/div><div class=\"porto-sicon-body\"><div class=\"porto-sicon-header\"><h3 class=\"porto-sicon-title\" style=\"color:#ffffff;\">La balle doit rebondir une fois de chaque c\u00f4t\u00e9 avant que les vol\u00e9es ne soient autoris\u00e9es.<\/h3><\/div> <!-- header --><\/div><\/div><!-- porto-sicon-box --><div class=\"porto-sicon-box game-rules-font  wpb_custom_fa7388a909476f13c24f8fa9700ad3d5 style_1 left-icon\"><div class=\"porto-sicon-left\"><div class=\"porto-just-icon-wrapper porto-icon none\" style=\"color:#ccdf23;font-size:32px;\"><i class=\"fas fa-angle-right\"><\/i><\/div><\/div><div class=\"porto-sicon-body\"><div class=\"porto-sicon-header\"><h3 class=\"porto-sicon-title\" style=\"color:#ffffff;\">Apr\u00e8s ces deux rebonds, les joueurs peuvent volleyer (frapper la balle avant qu'elle ne rebondisse) ou jouer apr\u00e8s le rebond.<\/h3><\/div> <!-- header --><\/div><\/div><!-- porto-sicon-box -->[vc_column_text css=\u00a0\u00bb.vc_custom_1744831197549{padding-top: 20px !important;}\u00a0\u00bb text_color=\u00a0\u00bb#ccdf23&Prime; css_params=\u00a0\u00bb\u00a0\u00bb]<\/p>\n<h3>3. LA ZONE DE NON-VOL\u00c9E (\u00ab\u00a0KITCHEN\u00a0\u00bb)<\/h3>\n<p>[\/vc_column_text]<div class=\"porto-sicon-box game-rules-font  wpb_custom_fa7388a909476f13c24f8fa9700ad3d5 style_1 left-icon\"><div class=\"porto-sicon-left\"><div class=\"porto-just-icon-wrapper porto-icon none\" style=\"color:#ccdf23;font-size:32px;\"><i class=\"fas fa-angle-right\"><\/i><\/div><\/div><div class=\"porto-sicon-body\"><div class=\"porto-sicon-header\"><h3 class=\"porto-sicon-title\" style=\"color:#ffffff;\">La kitchen est une zone de 7 pieds de chaque c\u00f4t\u00e9 du filet.<\/h3><\/div> <!-- header --><\/div><\/div><!-- porto-sicon-box --><div class=\"porto-sicon-box game-rules-font  wpb_custom_fa7388a909476f13c24f8fa9700ad3d5 style_1 left-icon\"><div class=\"porto-sicon-left\"><div class=\"porto-just-icon-wrapper porto-icon none\" style=\"color:#ccdf23;font-size:32px;\"><i class=\"fas fa-angle-right\"><\/i><\/div><\/div><div class=\"porto-sicon-body\"><div class=\"porto-sicon-header\"><h3 class=\"porto-sicon-title\" style=\"color:#ffffff;\">Les joueurs ne peuvent pas volleyer lorsqu'ils se trouvent dans la kitchen ou si leur \u00e9lan les y entra\u00eene.<\/h3><\/div> <!-- header --><\/div><\/div><!-- porto-sicon-box --><div class=\"porto-sicon-box game-rules-font  wpb_custom_fa7388a909476f13c24f8fa9700ad3d5 style_1 left-icon\"><div class=\"porto-sicon-left\"><div class=\"porto-just-icon-wrapper porto-icon none\" style=\"color:#ccdf23;font-size:32px;\"><i class=\"fas fa-angle-right\"><\/i><\/div><\/div><div class=\"porto-sicon-body\"><div class=\"porto-sicon-header\"><h3 class=\"porto-sicon-title\" style=\"color:#ffffff;\">Les joueurs peuvent entrer dans la kitchen pour jouer une balle uniquement si elle a rebondi en premier.<\/h3><\/div> <!-- header --><\/div><\/div><!-- porto-sicon-box -->[vc_column_text css=\u00a0\u00bb.vc_custom_1744831295412{padding-top: 20px !important;}\u00a0\u00bb text_color=\u00a0\u00bb#ccdf23&Prime; css_params=\u00a0\u00bb\u00a0\u00bb]<\/p>\n<h3>4. LE SYST\u00c8ME DE POINTAGE<\/h3>\n<p>[\/vc_column_text]<div class=\"porto-sicon-box game-rules-font  wpb_custom_fa7388a909476f13c24f8fa9700ad3d5 style_1 left-icon\"><div class=\"porto-sicon-left\"><div class=\"porto-just-icon-wrapper porto-icon none\" style=\"color:#ccdf23;font-size:32px;\"><i class=\"fas fa-angle-right\"><\/i><\/div><\/div><div class=\"porto-sicon-body\"><div class=\"porto-sicon-header\"><h3 class=\"porto-sicon-title\" style=\"color:#ffffff;\">Seule l'\u00e9quipe qui sert peut marquer des points.<\/h3><\/div> <!-- header --><\/div><\/div><!-- porto-sicon-box --><div class=\"porto-sicon-box game-rules-font  wpb_custom_fa7388a909476f13c24f8fa9700ad3d5 style_1 left-icon\"><div class=\"porto-sicon-left\"><div class=\"porto-just-icon-wrapper porto-icon none\" style=\"color:#ccdf23;font-size:32px;\"><i class=\"fas fa-angle-right\"><\/i><\/div><\/div><div class=\"porto-sicon-body\"><div class=\"porto-sicon-header\"><h3 class=\"porto-sicon-title\" style=\"color:#ffffff;\">Les parties se jouent g\u00e9n\u00e9ralement jusqu'\u00e0 11 points, avec une avance de 2 points requise pour gagner.<\/h3><\/div> <!-- header --><\/div><\/div><!-- porto-sicon-box --><div class=\"porto-sicon-box game-rules-font  wpb_custom_fa7388a909476f13c24f8fa9700ad3d5 style_1 left-icon\"><div class=\"porto-sicon-left\"><div class=\"porto-just-icon-wrapper porto-icon none\" style=\"color:#ccdf23;font-size:32px;\"><i class=\"fas fa-angle-right\"><\/i><\/div><\/div><div class=\"porto-sicon-body\"><div class=\"porto-sicon-header\"><h3 class=\"porto-sicon-title\" style=\"color:#ffffff;\">En double, les deux partenaires servent avant que le service ne passe \u00e0 l'\u00e9quipe adverse (sauf au d\u00e9but de la partie, o\u00f9 un seul partenaire sert).<\/h3><\/div> <!-- header --><\/div><\/div><!-- porto-sicon-box -->[vc_column_text css=\u00a0\u00bb.vc_custom_1744831355072{padding-top: 20px !important;}\u00a0\u00bb text_color=\u00a0\u00bb#ccdf23&Prime; css_params=\u00a0\u00bb\u00a0\u00bb]<\/p>\n<h3>5. FAUTES (POINT POUR L&rsquo;ADVERSAIRE)<\/h3>\n<p>[\/vc_column_text]<div class=\"porto-sicon-box game-rules-font  wpb_custom_fa7388a909476f13c24f8fa9700ad3d5 style_1 left-icon\"><div class=\"porto-sicon-left\"><div class=\"porto-just-icon-wrapper porto-icon none\" style=\"color:#ccdf23;font-size:32px;\"><i class=\"fas fa-angle-right\"><\/i><\/div><\/div><div class=\"porto-sicon-body\"><div class=\"porto-sicon-header\"><h3 class=\"porto-sicon-title\" style=\"color:#ffffff;\">Un service envoy\u00e9 hors limites.<\/h3><\/div> <!-- header --><\/div><\/div><!-- porto-sicon-box --><div class=\"porto-sicon-box game-rules-font  wpb_custom_fa7388a909476f13c24f8fa9700ad3d5 style_1 left-icon\"><div class=\"porto-sicon-left\"><div class=\"porto-just-icon-wrapper porto-icon none\" style=\"color:#ccdf23;font-size:32px;\"><i class=\"fas fa-angle-right\"><\/i><\/div><\/div><div class=\"porto-sicon-body\"><div class=\"porto-sicon-header\"><h3 class=\"porto-sicon-title\" style=\"color:#ffffff;\">Une balle qui ne franchit pas le filet.<\/h3><\/div> <!-- header --><\/div><\/div><!-- porto-sicon-box --><div class=\"porto-sicon-box game-rules-font  wpb_custom_fa7388a909476f13c24f8fa9700ad3d5 style_1 left-icon\"><div class=\"porto-sicon-left\"><div class=\"porto-just-icon-wrapper porto-icon none\" style=\"color:#ccdf23;font-size:32px;\"><i class=\"fas fa-angle-right\"><\/i><\/div><\/div><div class=\"porto-sicon-body\"><div class=\"porto-sicon-header\"><h3 class=\"porto-sicon-title\" style=\"color:#ffffff;\">Un joueur qui volleye en \u00e9tant dans la kitchen.<\/h3><\/div> <!-- header --><\/div><\/div><!-- porto-sicon-box --><div class=\"porto-sicon-box game-rules-font  wpb_custom_fa7388a909476f13c24f8fa9700ad3d5 style_1 left-icon\"><div class=\"porto-sicon-left\"><div class=\"porto-just-icon-wrapper porto-icon none\" style=\"color:#ccdf23;font-size:32px;\"><i class=\"fas fa-angle-right\"><\/i><\/div><\/div><div class=\"porto-sicon-body\"><div class=\"porto-sicon-header\"><h3 class=\"porto-sicon-title\" style=\"color:#ffffff;\">Non-respect de la r\u00e8gle du double rebond.<\/h3><\/div> <!-- header --><\/div><\/div><!-- porto-sicon-box -->[vc_column_text css=\u00a0\u00bb.vc_custom_1744831592320{padding-top: 20px !important;}\u00a0\u00bb text_color=\u00a0\u00bb#ccdf23&Prime; css_params=\u00a0\u00bb\u00a0\u00bb]<\/p>\n<h2>JOUEZ FAIR-PLAY &#038; AMUSEZ-VOUS!<\/h2>\n<p>[\/vc_column_text][\/vc_column][vc_column width=\u00a0\u00bb1\/2&Prime; conditional_render=\u00a0\u00bb%5B%7B%22value_role%22%3A%22administrator%22%7D%5D\u00a0\u00bb css_params=\u00a0\u00bb\u00a0\u00bb][vc_column_text css=\u00a0\u00bb.vc_custom_1744831777850{padding-top: 20px !important;}\u00a0\u00bb text_color=\u00a0\u00bb#ccdf23&Prime; css_params=\u00a0\u00bb\u00a0\u00bb]<\/p>\n<h1><i>REGLEMENTS DE CONDUITE<\/i><\/h1>\n<h3>RESPECT ET ESPRIT SPORTIF<\/h3>\n<p>[\/vc_column_text]<div class=\"porto-sicon-box game-rules-font  wpb_custom_fa7388a909476f13c24f8fa9700ad3d5 style_1 left-icon\"><div class=\"porto-sicon-left\"><div class=\"porto-just-icon-wrapper porto-icon none\" style=\"color:#ccdf23;font-size:32px;\"><i class=\"fas fa-angle-right\"><\/i><\/div><\/div><div class=\"porto-sicon-body\"><div class=\"porto-sicon-header\"><h3 class=\"porto-sicon-title\" style=\"color:#ffffff;\">Traitez tous les joueurs, le personnel et les invit\u00e9s avec respect.<\/h3><\/div> <!-- header --><\/div><\/div><!-- porto-sicon-box --><div class=\"porto-sicon-box game-rules-font  wpb_custom_fa7388a909476f13c24f8fa9700ad3d5 style_1 left-icon\"><div class=\"porto-sicon-left\"><div class=\"porto-just-icon-wrapper porto-icon none\" style=\"color:#ccdf23;font-size:32px;\"><i class=\"fas fa-angle-right\"><\/i><\/div><\/div><div class=\"porto-sicon-body\"><div class=\"porto-sicon-header\"><h3 class=\"porto-sicon-title\" style=\"color:#ffffff;\">Faites preuve de fair-play sur et hors du terrain.<\/h3><\/div> <!-- header --><\/div><\/div><!-- porto-sicon-box --><div class=\"porto-sicon-box game-rules-font  wpb_custom_fa7388a909476f13c24f8fa9700ad3d5 style_1 left-icon\"><div class=\"porto-sicon-left\"><div class=\"porto-just-icon-wrapper porto-icon none\" style=\"color:#ccdf23;font-size:32px;\"><i class=\"fas fa-angle-right\"><\/i><\/div><\/div><div class=\"porto-sicon-body\"><div class=\"porto-sicon-header\"><h3 class=\"porto-sicon-title\" style=\"color:#ffffff;\">Aucun langage abusif, cri ou comportement agressif ne sera tol\u00e9r\u00e9.<\/h3><\/div> <!-- header --><\/div><\/div><!-- porto-sicon-box -->[vc_column_text css=\u00a0\u00bb.vc_custom_1744831834125{padding-top: 20px !important;}\u00a0\u00bb text_color=\u00a0\u00bb#ccdf23&Prime; css_params=\u00a0\u00bb\u00a0\u00bb]<\/p>\n<h3>\u00c9TIQUETTE SUR LE TERRAIN<\/h3>\n<p>[\/vc_column_text]<div class=\"porto-sicon-box game-rules-font  wpb_custom_fa7388a909476f13c24f8fa9700ad3d5 style_1 left-icon\"><div class=\"porto-sicon-left\"><div class=\"porto-just-icon-wrapper porto-icon none\" style=\"color:#ccdf23;font-size:32px;\"><i class=\"fas fa-angle-right\"><\/i><\/div><\/div><div class=\"porto-sicon-body\"><div class=\"porto-sicon-header\"><h3 class=\"porto-sicon-title\" style=\"color:#ffffff;\">Portez des chaussures de sport d\u2019int\u00e9rieur appropri\u00e9es (semelles non marquantes).<\/h3><\/div> <!-- header --><\/div><\/div><!-- porto-sicon-box --><div class=\"porto-sicon-box game-rules-font  wpb_custom_fa7388a909476f13c24f8fa9700ad3d5 style_1 left-icon\"><div class=\"porto-sicon-left\"><div class=\"porto-just-icon-wrapper porto-icon none\" style=\"color:#ccdf23;font-size:32px;\"><i class=\"fas fa-angle-right\"><\/i><\/div><\/div><div class=\"porto-sicon-body\"><div class=\"porto-sicon-header\"><h3 class=\"porto-sicon-title\" style=\"color:#ffffff;\">N\u2019entrez pas sur un terrain pendant qu\u2019une partie est en cours.<\/h3><\/div> <!-- header --><\/div><\/div><!-- porto-sicon-box --><div class=\"porto-sicon-box game-rules-font  wpb_custom_fa7388a909476f13c24f8fa9700ad3d5 style_1 left-icon\"><div class=\"porto-sicon-left\"><div class=\"porto-just-icon-wrapper porto-icon none\" style=\"color:#ccdf23;font-size:32px;\"><i class=\"fas fa-angle-right\"><\/i><\/div><\/div><div class=\"porto-sicon-body\"><div class=\"porto-sicon-header\"><h3 class=\"porto-sicon-title\" style=\"color:#ffffff;\">Limitez le temps d\u2019\u00e9chauffement et de pratique si d\u2019autres joueurs attendent<\/h3><\/div> <!-- header --><\/div><\/div><!-- porto-sicon-box -->[vc_column_text css=\u00a0\u00bb.vc_custom_1744831997793{padding-top: 20px !important;}\u00a0\u00bb text_color=\u00a0\u00bb#ccdf23&Prime; css_params=\u00a0\u00bb\u00a0\u00bb]<\/p>\n<h3>JEU \u00c9QUITABLE ET PARTAGE DU TERRAIN<\/h3>\n<p>[\/vc_column_text]<div class=\"porto-sicon-box game-rules-font  wpb_custom_fa7388a909476f13c24f8fa9700ad3d5 style_1 left-icon\"><div class=\"porto-sicon-left\"><div class=\"porto-just-icon-wrapper porto-icon none\" style=\"color:#ccdf23;font-size:32px;\"><i class=\"fas fa-angle-right\"><\/i><\/div><\/div><div class=\"porto-sicon-body\"><div class=\"porto-sicon-header\"><h3 class=\"porto-sicon-title\" style=\"color:#ffffff;\">Respectez les horaires de jeu et les r\u00e9servations de terrain.<\/h3><\/div> <!-- header --><\/div><\/div><!-- porto-sicon-box --><div class=\"porto-sicon-box game-rules-font  wpb_custom_fa7388a909476f13c24f8fa9700ad3d5 style_1 left-icon\"><div class=\"porto-sicon-left\"><div class=\"porto-just-icon-wrapper porto-icon none\" style=\"color:#ccdf23;font-size:32px;\"><i class=\"fas fa-angle-right\"><\/i><\/div><\/div><div class=\"porto-sicon-body\"><div class=\"porto-sicon-header\"><h3 class=\"porto-sicon-title\" style=\"color:#ffffff;\">Faites tourner les joueurs \u00e9quitablement lors des sessions de jeu libre.<\/h3><\/div> <!-- header --><\/div><\/div><!-- porto-sicon-box --><div class=\"porto-sicon-box game-rules-font  wpb_custom_fa7388a909476f13c24f8fa9700ad3d5 style_1 left-icon\"><div class=\"porto-sicon-left\"><div class=\"porto-just-icon-wrapper porto-icon none\" style=\"color:#ccdf23;font-size:32px;\"><i class=\"fas fa-angle-right\"><\/i><\/div><\/div><div class=\"porto-sicon-body\"><div class=\"porto-sicon-header\"><h3 class=\"porto-sicon-title\" style=\"color:#ffffff;\">Ne monopolisez pas un terrain au-del\u00e0 du temps allou\u00e9.<\/h3><\/div> <!-- header --><\/div><\/div><!-- porto-sicon-box -->[vc_column_text css=\u00a0\u00bb.vc_custom_1744832077350{padding-top: 20px !important;}\u00a0\u00bb text_color=\u00a0\u00bb#ccdf23&Prime; css_params=\u00a0\u00bb\u00a0\u00bb]<\/p>\n<h3>PROPRET\u00c9 ET S\u00c9CURIT\u00c9<\/h3>\n<p>[\/vc_column_text]<div class=\"porto-sicon-box game-rules-font  wpb_custom_fa7388a909476f13c24f8fa9700ad3d5 style_1 left-icon\"><div class=\"porto-sicon-left\"><div class=\"porto-just-icon-wrapper porto-icon none\" style=\"color:#ccdf23;font-size:32px;\"><i class=\"fas fa-angle-right\"><\/i><\/div><\/div><div class=\"porto-sicon-body\"><div class=\"porto-sicon-header\"><h3 class=\"porto-sicon-title\" style=\"color:#ffffff;\">Jetez vos d\u00e9chets et gardez l\u2019installation propre.<\/h3><\/div> <!-- header --><\/div><\/div><!-- porto-sicon-box --><div class=\"porto-sicon-box game-rules-font  wpb_custom_fa7388a909476f13c24f8fa9700ad3d5 style_1 left-icon\"><div class=\"porto-sicon-left\"><div class=\"porto-just-icon-wrapper porto-icon none\" style=\"color:#ccdf23;font-size:32px;\"><i class=\"fas fa-angle-right\"><\/i><\/div><\/div><div class=\"porto-sicon-body\"><div class=\"porto-sicon-header\"><h3 class=\"porto-sicon-title\" style=\"color:#ffffff;\">Aucune nourriture ni boisson (sauf de l\u2019eau) n\u2019est permise sur les terrains.<\/h3><\/div> <!-- header --><\/div><\/div><!-- porto-sicon-box --><div class=\"porto-sicon-box game-rules-font  wpb_custom_fa7388a909476f13c24f8fa9700ad3d5 style_1 left-icon\"><div class=\"porto-sicon-left\"><div class=\"porto-just-icon-wrapper porto-icon none\" style=\"color:#ccdf23;font-size:32px;\"><i class=\"fas fa-angle-right\"><\/i><\/div><\/div><div class=\"porto-sicon-body\"><div class=\"porto-sicon-header\"><h3 class=\"porto-sicon-title\" style=\"color:#ffffff;\">Signalez tout dommage ou risque de s\u00e9curit\u00e9 au personnel.<\/h3><\/div> <!-- header --><\/div><\/div><!-- porto-sicon-box --><div class=\"porto-sicon-box game-rules-font  wpb_custom_fa7388a909476f13c24f8fa9700ad3d5 style_1 left-icon\"><div class=\"porto-sicon-left\"><div class=\"porto-just-icon-wrapper porto-icon none\" style=\"color:#ccdf23;font-size:32px;\"><i class=\"fas fa-angle-right\"><\/i><\/div><\/div><div class=\"porto-sicon-body\"><div class=\"porto-sicon-header\"><h3 class=\"porto-sicon-title\" style=\"color:#ffffff;\">Ne touchez pas et ne modifiez pas les barri\u00e8res r\u00e9tractables.<\/h3><\/div> <!-- header --><\/div><\/div><!-- porto-sicon-box -->[vc_column_text css=\u00a0\u00bb.vc_custom_1744832145242{padding-top: 20px !important;}\u00a0\u00bb text_color=\u00a0\u00bb#ccdf23&Prime; css_params=\u00a0\u00bb\u00a0\u00bb]<\/p>\n<h3>TECHNOLOGIE ET DISTRACTIONS<\/h3>\n<p>[\/vc_column_text]<div class=\"porto-sicon-box game-rules-font  wpb_custom_fa7388a909476f13c24f8fa9700ad3d5 style_1 left-icon\"><div class=\"porto-sicon-left\"><div class=\"porto-just-icon-wrapper porto-icon none\" style=\"color:#ccdf23;font-size:32px;\"><i class=\"fas fa-angle-right\"><\/i><\/div><\/div><div class=\"porto-sicon-body\"><div class=\"porto-sicon-header\"><h3 class=\"porto-sicon-title\" style=\"color:#ffffff;\">Mettez votre t\u00e9l\u00e9phone en mode silencieux pendant les parties.<\/h3><\/div> <!-- header --><\/div><\/div><!-- porto-sicon-box --><div class=\"porto-sicon-box game-rules-font  wpb_custom_fa7388a909476f13c24f8fa9700ad3d5 style_1 left-icon\"><div class=\"porto-sicon-left\"><div class=\"porto-just-icon-wrapper porto-icon none\" style=\"color:#ccdf23;font-size:32px;\"><i class=\"fas fa-angle-right\"><\/i><\/div><\/div><div class=\"porto-sicon-body\"><div class=\"porto-sicon-header\"><h3 class=\"porto-sicon-title\" style=\"color:#ffffff;\">\u00c9vitez les appels t\u00e9l\u00e9phoniques prolong\u00e9s dans la zone de jeu.<\/h3><\/div> <!-- header --><\/div><\/div><!-- porto-sicon-box -->[vc_column_text css=\u00a0\u00bb.vc_custom_1744832185290{padding-top: 20px !important;}\u00a0\u00bb text_color=\u00a0\u00bb#ccdf23&Prime; css_params=\u00a0\u00bb\u00a0\u00bb]<\/p>\n<h3>TOL\u00c9RANCE Z\u00c9RO POUR L\u2019INCONDUITE<\/h3>\n<p>[\/vc_column_text]<div class=\"porto-sicon-box game-rules-font  wpb_custom_fa7388a909476f13c24f8fa9700ad3d5 style_1 left-icon\"><div class=\"porto-sicon-left\"><div class=\"porto-just-icon-wrapper porto-icon none\" style=\"color:#ccdf23;font-size:32px;\"><i class=\"fas fa-angle-right\"><\/i><\/div><\/div><div class=\"porto-sicon-body\"><div class=\"porto-sicon-header\"><h3 class=\"porto-sicon-title\" style=\"color:#ffffff;\">Toute forme d\u2019harc\u00e8lement, d\u2019intimidation ou de discrimination est interdite.<\/h3><\/div> <!-- header --><\/div><\/div><!-- porto-sicon-box --><div class=\"porto-sicon-box game-rules-font  wpb_custom_fa7388a909476f13c24f8fa9700ad3d5 style_1 left-icon\"><div class=\"porto-sicon-left\"><div class=\"porto-just-icon-wrapper porto-icon none\" style=\"color:#ccdf23;font-size:32px;\"><i class=\"fas fa-angle-right\"><\/i><\/div><\/div><div class=\"porto-sicon-body\"><div class=\"porto-sicon-header\"><h3 class=\"porto-sicon-title\" style=\"color:#ffffff;\">Les infractions r\u00e9p\u00e9t\u00e9es peuvent entra\u00eener une suspension ou une r\u00e9vocation de l\u2019adh\u00e9sion.<\/h3><\/div> <!-- header --><\/div><\/div><!-- porto-sicon-box -->[vc_column_text css=\u00a0\u00bb.vc_custom_1744832236833{padding-top: 20px !important;}\u00a0\u00bb text_color=\u00a0\u00bb#ccdf23&Prime; css_params=\u00a0\u00bb\u00a0\u00bb]<\/p>\n<h3>AMUSEZ-VOUS ET FAITES GRANDIR LE SPORT!<\/h3>\n<p>[\/vc_column_text]<div class=\"porto-sicon-box game-rules-font  wpb_custom_fa7388a909476f13c24f8fa9700ad3d5 style_1 left-icon\"><div class=\"porto-sicon-left\"><div class=\"porto-just-icon-wrapper porto-icon none\" style=\"color:#ccdf23;font-size:32px;\"><i class=\"fas fa-angle-right\"><\/i><\/div><\/div><div class=\"porto-sicon-body\"><div class=\"porto-sicon-header\"><h3 class=\"porto-sicon-title\" style=\"color:#ffffff;\">Encouragez les nouveaux joueurs et favorisez une communaut\u00e9 accueillante.<\/h3><\/div> <!-- header --><\/div><\/div><!-- porto-sicon-box -->[\/vc_column][\/vc_row][vc_row][vc_column][\/vc_column][\/vc_row]<\/p>\n<\/div>","protected":false},"excerpt":{"rendered":"<p>[vc_row css=\u00a0\u00bb.vc_custom_1744825231880{background-color: #000000 !important;}\u00a0\u00bb conditional_render=\u00a0\u00bb%5B%7B%22value_role%22%3A%22administrator%22%7D%5D\u00a0\u00bb css_params=\u00a0\u00bb\u00a0\u00bb][vc_column width=\u00a0\u00bb1\/2&Prime;][vc_column_text css=\u00a0\u00bb.vc_custom_1744831062782{padding-top: 20px !important;}\u00a0\u00bb text_color=\u00a0\u00bb#ccdf23&Prime; css_params=\u00a0\u00bb\u00a0\u00bb] REGLES DU JEU 1. LE SERVICE [\/vc_column_text][vc_column_text css=\u00a0\u00bb.vc_custom_1744831155273{padding-top: 20px !important;}\u00a0\u00bb text_color=\u00a0\u00bb#ccdf23&Prime; css_params=\u00a0\u00bb\u00a0\u00bb] 2. R\u00c8GLE DU DOUBLE REBOND [\/vc_column_text][vc_column_text css=\u00a0\u00bb.vc_custom_1744831197549{padding-top: 20px !important;}\u00a0\u00bb text_color=\u00a0\u00bb#ccdf23&Prime; css_params=\u00a0\u00bb\u00a0\u00bb] 3. LA ZONE DE NON-VOL\u00c9E (\u00ab\u00a0KITCHEN\u00a0\u00bb) [\/vc_column_text][vc_column_text css=\u00a0\u00bb.vc_custom_1744831295412{padding-top: 20px !important;}\u00a0\u00bb text_color=\u00a0\u00bb#ccdf23&Prime; css_params=\u00a0\u00bb\u00a0\u00bb] 4. LE SYST\u00c8ME DE POINTAGE [\/vc_column_text][vc_column_text css=\u00a0\u00bb.vc_custom_1744831355072{padding-top: 20px [&hellip;]<\/p>\n","protected":false},"author":1,"featured_media":0,"parent":0,"menu_order":0,"comment_status":"closed","ping_status":"closed","template":"","meta":{"footnotes":""},"class_list":["post-3959","page","type-page","status-publish","hentry"],"_links":{"self":[{"href":"https:\/\/mtlpickleball.com\/fr\/wp-json\/wp\/v2\/pages\/3959","targetHints":{"allow":["GET"]}}],"collection":[{"href":"https:\/\/mtlpickleball.com\/fr\/wp-json\/wp\/v2\/pages"}],"about":[{"href":"https:\/\/mtlpickleball.com\/fr\/wp-json\/wp\/v2\/types\/page"}],"author":[{"embeddable":true,"href":"https:\/\/mtlpickleball.com\/fr\/wp-json\/wp\/v2\/users\/1"}],"replies":[{"embeddable":true,"href":"https:\/\/mtlpickleball.com\/fr\/wp-json\/wp\/v2\/comments?post=3959"}],"version-history":[{"count":4,"href":"https:\/\/mtlpickleball.com\/fr\/wp-json\/wp\/v2\/pages\/3959\/revisions"}],"predecessor-version":[{"id":3965,"href":"https:\/\/mtlpickleball.com\/fr\/wp-json\/wp\/v2\/pages\/3959\/revisions\/3965"}],"wp:attachment":[{"href":"https:\/\/mtlpickleball.com\/fr\/wp-json\/wp\/v2\/media?parent=3959"}],"curies":[{"name":"wp","href":"https:\/\/api.w.org\/{rel}","templated":true}]}}