{"id":4397,"date":"2025-05-21T13:18:53","date_gmt":"2025-05-21T17:18:53","guid":{"rendered":"https:\/\/mtlpickleball.com\/forfaits\/"},"modified":"2026-04-07T19:08:08","modified_gmt":"2026-04-07T23:08:08","slug":"forfaits","status":"publish","type":"page","link":"https:\/\/mtlpickleball.com\/fr\/forfaits\/","title":{"rendered":"Forfaits"},"content":{"rendered":"<div class=\"wpb-content-wrapper\"><p>[vc_row][vc_column][vc_separator color=\u00a0\u00bbcustom\u00a0\u00bb gap=\u00a0\u00bbtall\u00a0\u00bb gradient=\u00a0\u00bbyes\u00a0\u00bb][vc_custom_heading text=\u00a0\u00bb<i>NOS FORFAITS<\/i>\u00a0\u00bb font_container=\u00a0\u00bbtag:h1|text_align:left|color:%23ffffff\u00a0\u00bb use_theme_fonts=\u00a0\u00bbyes\u00a0\u00bb css_params=\u00a0\u00bb\u00a0\u00bb stroke_wd=\u00a0\u00bb{\u00ab\u00a0xl\u00ab\u00a0:\u00ab\u00a0\u00ab\u00a0,\u00ab\u00a0unit\u00ab\u00a0:\u00ab\u00a0\u00ab\u00a0,\u00ab\u00a0xs\u00ab\u00a0:\u00ab\u00a0\u00ab\u00a0,\u00ab\u00a0sm\u00ab\u00a0:\u00ab\u00a0\u00ab\u00a0,\u00ab\u00a0md\u00ab\u00a0:\u00ab\u00a0\u00ab\u00a0,\u00ab\u00a0lg\u00ab\u00a0:\u00ab\u00a0\u00ab\u00a0}\u00a0\u00bb][vc_separator color=\u00a0\u00bbwhite\u00a0\u00bb align=\u00a0\u00bbalign_left\u00a0\u00bb border_width=\u00a0\u00bb3&Prime; el_width=\u00a0\u00bb10&Prime; css_animation=\u00a0\u00bbfadeInLeft\u00a0\u00bb css=\u00a0\u00bb\u00a0\u00bb style=\u00a0\u00bbsolid\u00a0\u00bb gap=\u00a0\u00bbshort\u00a0\u00bb css_params=\u00a0\u00bb\u00a0\u00bb][vc_separator color=\u00a0\u00bbwhite\u00a0\u00bb align=\u00a0\u00bbalign_left\u00a0\u00bb border_width=\u00a0\u00bb3&Prime; el_width=\u00a0\u00bb10&Prime; css_animation=\u00a0\u00bbfadeInLeft\u00a0\u00bb css=\u00a0\u00bb\u00a0\u00bb style=\u00a0\u00bbsolid\u00a0\u00bb gap=\u00a0\u00bbshort\u00a0\u00bb css_params=\u00a0\u00bb\u00a0\u00bb][vc_empty_space][\/vc_column][\/vc_row][vc_row][vc_column width=\u00a0\u00bb1\/2&Prime;][vc_single_image image=\u00a0\u00bb9105&Prime; img_size=\u00a0\u00bbfull\u00a0\u00bb alignment=\u00a0\u00bbcenter\u00a0\u00bb css=\u00a0\u00bb\u00a0\u00bb css_params=\u00a0\u00bb\u00a0\u00bb img_mwidth=\u00a0\u00bb{\u00ab\u00a0xl\u00ab\u00a0:\u00ab\u00a0\u00ab\u00a0,\u00ab\u00a0unit\u00ab\u00a0:\u00ab\u00a0\u00ab\u00a0,\u00ab\u00a0xs\u00ab\u00a0:\u00ab\u00a0\u00ab\u00a0,\u00ab\u00a0sm\u00ab\u00a0:\u00ab\u00a0\u00ab\u00a0,\u00ab\u00a0md\u00ab\u00a0:\u00ab\u00a0\u00ab\u00a0,\u00ab\u00a0lg\u00ab\u00a0:\u00ab\u00a0\u00ab\u00a0}\u00a0\u00bb img_width=\u00a0\u00bb{\u00ab\u00a0xl\u00ab\u00a0:\u00ab\u00a0\u00ab\u00a0,\u00ab\u00a0unit\u00ab\u00a0:\u00ab\u00a0\u00ab\u00a0,\u00ab\u00a0xs\u00ab\u00a0:\u00ab\u00a0\u00ab\u00a0,\u00ab\u00a0sm\u00ab\u00a0:\u00ab\u00a0\u00ab\u00a0,\u00ab\u00a0md\u00ab\u00a0:\u00ab\u00a0\u00ab\u00a0,\u00ab\u00a0lg\u00ab\u00a0:\u00ab\u00a0\u00ab\u00a0}\u00a0\u00bb][\/vc_column][vc_column width=\u00a0\u00bb1\/2&Prime; css=\u00a0\u00bb.vc_custom_1750717006231{border-top-width: 2px !important;border-right-width: 2px !important;border-bottom-width: 2px !important;border-left-width: 2px !important;border-left-style: solid !important;border-right-style: solid !important;border-top-style: solid !important;border-bottom-style: solid !important;border-radius: 15px !important;border-color: #ccdf23 !important;}\u00a0\u00bb conditional_render=\u00a0\u00bb%5B%7B%22value_role%22%3A%22administrator%22%7D%5D\u00a0\u00bb css_params=\u00a0\u00bb\u00a0\u00bb][vc_single_image image=\u00a0\u00bb6793&Prime; img_size=\u00a0\u00bbfull\u00a0\u00bb alignment=\u00a0\u00bbcenter\u00a0\u00bb css=\u00a0\u00bb\u00a0\u00bb css_params=\u00a0\u00bb\u00a0\u00bb img_mwidth=\u00a0\u00bb{\u00ab\u00a0xl\u00ab\u00a0:\u00ab\u00a0\u00ab\u00a0,\u00ab\u00a0unit\u00ab\u00a0:\u00ab\u00a0\u00ab\u00a0,\u00ab\u00a0xs\u00ab\u00a0:\u00ab\u00a0\u00ab\u00a0,\u00ab\u00a0sm\u00ab\u00a0:\u00ab\u00a0\u00ab\u00a0,\u00ab\u00a0md\u00ab\u00a0:\u00ab\u00a0\u00ab\u00a0,\u00ab\u00a0lg\u00ab\u00a0:\u00ab\u00a0\u00ab\u00a0}\u00a0\u00bb img_width=\u00a0\u00bb{\u00ab\u00a0xl\u00ab\u00a0:\u00ab\u00a0\u00ab\u00a0,\u00ab\u00a0unit\u00ab\u00a0:\u00ab\u00a0\u00ab\u00a0,\u00ab\u00a0xs\u00ab\u00a0:\u00ab\u00a0\u00ab\u00a0,\u00ab\u00a0sm\u00ab\u00a0:\u00ab\u00a0\u00ab\u00a0,\u00ab\u00a0md\u00ab\u00a0:\u00ab\u00a0\u00ab\u00a0,\u00ab\u00a0lg\u00ab\u00a0:\u00ab\u00a0\u00ab\u00a0}\u00a0\u00bb][\/vc_column][\/vc_row][vc_row disable_element=\u00a0\u00bbyes\u00a0\u00bb conditional_render=\u00a0\u00bb%5B%7B%22value_role%22%3A%22administrator%22%7D%5D\u00a0\u00bb css_params=\u00a0\u00bb\u00a0\u00bb][vc_column width=\u00a0\u00bb1\/6&Prime;][\/vc_column][vc_column width=\u00a0\u00bb2\/3&Prime; css=\u00a0\u00bb.vc_custom_1750717006231{border-top-width: 2px !important;border-right-width: 2px !important;border-bottom-width: 2px !important;border-left-width: 2px !important;border-left-style: solid !important;border-right-style: solid !important;border-top-style: solid !important;border-bottom-style: solid !important;border-radius: 15px !important;border-color: #ccdf23 !important;}\u00a0\u00bb conditional_render=\u00a0\u00bb%5B%7B%22value_role%22%3A%22administrator%22%7D%5D\u00a0\u00bb css_params=\u00a0\u00bb\u00a0\u00bb]<div id=\"porto-carousel-211564923569e1ce900993a\" class=\"porto-carousel-wrapper\" data-gutter=\"0\" data-rtl=\"false\" ><div class=\"porto-ultimate-carousel porto-carousel-64686879669e1ce9009914 \" ><div class=\"porto-item-wrap\"><div class=\"porto-container container \">[vc_single_image image=\u00a0\u00bb9105&Prime; img_size=\u00a0\u00bbfull\u00a0\u00bb alignment=\u00a0\u00bbcenter\u00a0\u00bb onclick=\u00a0\u00bblink_image\u00a0\u00bb css=\u00a0\u00bb\u00a0\u00bb css_params=\u00a0\u00bb\u00a0\u00bb img_mwidth=\u00a0\u00bb{\u00ab\u00a0xl\u00ab\u00a0:\u00ab\u00a0\u00ab\u00a0,\u00ab\u00a0unit\u00ab\u00a0:\u00ab\u00a0\u00ab\u00a0,\u00ab\u00a0xs\u00ab\u00a0:\u00ab\u00a0\u00ab\u00a0,\u00ab\u00a0sm\u00ab\u00a0:\u00ab\u00a0\u00ab\u00a0,\u00ab\u00a0md\u00ab\u00a0:\u00ab\u00a0\u00ab\u00a0,\u00ab\u00a0lg\u00ab\u00a0:\u00ab\u00a0\u00ab\u00a0}\u00a0\u00bb img_width=\u00a0\u00bb{\u00ab\u00a0xl\u00ab\u00a0:\u00ab\u00a0\u00ab\u00a0,\u00ab\u00a0unit\u00ab\u00a0:\u00ab\u00a0\u00ab\u00a0,\u00ab\u00a0xs\u00ab\u00a0:\u00ab\u00a0\u00ab\u00a0,\u00ab\u00a0sm\u00ab\u00a0:\u00ab\u00a0\u00ab\u00a0,\u00ab\u00a0md\u00ab\u00a0:\u00ab\u00a0\u00ab\u00a0,\u00ab\u00a0lg\u00ab\u00a0:\u00ab\u00a0\u00ab\u00a0}\u00a0\u00bb]<\/div><\/div><div class=\"porto-item-wrap\"><div class=\"porto-container container \">[vc_single_image image=\u00a0\u00bb6793&Prime; img_size=\u00a0\u00bbfull\u00a0\u00bb alignment=\u00a0\u00bbcenter\u00a0\u00bb onclick=\u00a0\u00bblink_image\u00a0\u00bb css=\u00a0\u00bb\u00a0\u00bb css_params=\u00a0\u00bb\u00a0\u00bb img_mwidth=\u00a0\u00bb{\u00ab\u00a0xl\u00ab\u00a0:\u00ab\u00a0\u00ab\u00a0,\u00ab\u00a0unit\u00ab\u00a0:\u00ab\u00a0\u00ab\u00a0,\u00ab\u00a0xs\u00ab\u00a0:\u00ab\u00a0\u00ab\u00a0,\u00ab\u00a0sm\u00ab\u00a0:\u00ab\u00a0\u00ab\u00a0,\u00ab\u00a0md\u00ab\u00a0:\u00ab\u00a0\u00ab\u00a0,\u00ab\u00a0lg\u00ab\u00a0:\u00ab\u00a0\u00ab\u00a0}\u00a0\u00bb img_width=\u00a0\u00bb{\u00ab\u00a0xl\u00ab\u00a0:\u00ab\u00a0\u00ab\u00a0,\u00ab\u00a0unit\u00ab\u00a0:\u00ab\u00a0\u00ab\u00a0,\u00ab\u00a0xs\u00ab\u00a0:\u00ab\u00a0\u00ab\u00a0,\u00ab\u00a0sm\u00ab\u00a0:\u00ab\u00a0\u00ab\u00a0,\u00ab\u00a0md\u00ab\u00a0:\u00ab\u00a0\u00ab\u00a0,\u00ab\u00a0lg\u00ab\u00a0:\u00ab\u00a0\u00ab\u00a0}\u00a0\u00bb]<\/div><\/div><\/div><\/div><script type=\"text\/javascript\" id=\"ultimate-carousel\">\r\n\t(function(){\r\n\t\tvar porto_inc_slick_js = function() {\r\n\t\t\t( function( $ ) {\r\n\t\t\t\tif ( $.fn.slick ) {\r\n\t\t\t\t\t$('.porto-carousel-64686879669e1ce9009914').slick({dots: true,autoplay: true,autoplaySpeed: 2000,speed: 300,infinite: true,arrows: true,nextArrow: '<button type=\"button\" role=\"button\" aria-label=\"Next\" style=\"color:#ccdf23; font-size:20px;\" class=\"slick-next default\"><i class=\"fas fa-chevron-right\"><\/i><\/button>',prevArrow: '<button type=\"button\" role=\"button\" aria-label=\"Previous\" style=\"color:#ccdf23; font-size:20px;\" class=\"slick-prev default\"><i class=\"fas fa-chevron-left\"><\/i><\/button>',slidesToScroll:1,slidesToShow:1,swipe: true,draggable: true,touchMove: true,pauseOnHover: true,adaptiveHeight: true,responsive: [\r\n\t\t\t\t{\r\n\t\t\t\t  breakpoint: 1025,\r\n\t\t\t\t  settings: {\r\n\t\t\t\t\tslidesToShow: 1,\r\n\t\t\t\t\tslidesToScroll: 1,  \r\n\t\t\t\t  }\r\n\t\t\t\t},\r\n\t\t\t\t{\r\n\t\t\t\t  breakpoint: 769,\r\n\t\t\t\t  settings: {\r\n\t\t\t\t\tslidesToShow: 1,\r\n\t\t\t\t\tslidesToScroll: 1\r\n\t\t\t\t  }\r\n\t\t\t\t},\r\n\t\t\t\t{\r\n\t\t\t\t  breakpoint: 481,\r\n\t\t\t\t  settings: {\r\n\t\t\t\t\tslidesToShow: 1,\r\n\t\t\t\t\tslidesToScroll: 1\r\n\t\t\t\t  }\r\n\t\t\t\t}\r\n\t\t\t],pauseOnDotsHover: true,customPaging: function(slider, i) {\r\n\t   return '<i type=\"button\" style=\"color:#ffffff;\" class=\"far fa-circle\" data-role=\"none\"><\/i>';\r\n\t},});\r\n\t\t\t\t} else {\r\n\t\t\t\t\t\t\t\t}\r\n\t\t\t} )( jQuery );\r\n\t\t};\r\n\r\n\t\tif ( window.theme && theme.isLoaded ) {\r\n\t\t\tporto_inc_slick_js();\r\n\t\t} else {\r\n\t\t\twindow.addEventListener( 'load', porto_inc_slick_js );\r\n\t\t}\r\n\t})();\r\n<\/script>\r\n[\/vc_column][vc_column width=\u00a0\u00bb1\/6&Prime;][\/vc_column][\/vc_row][vc_row][vc_column][vc_empty_space height=\u00a0\u00bb64px\u00a0\u00bb css_params=\u00a0\u00bb\u00a0\u00bb][vc_column_text css=\u00a0\u00bb\u00a0\u00bb text_color=\u00a0\u00bb#ccdf23&Prime; css_params=\u00a0\u00bb\u00a0\u00bb]<\/p>\n<h2 style=\"text-align: center;\"><em><u>Abonnement annuel<\/u><\/em><\/h2>\n<p>[\/vc_column_text][vc_column_text css_animation=\u00a0\u00bbfadeInUp\u00a0\u00bb css=\u00a0\u00bb\u00a0\u00bb css_params=\u00a0\u00bb\u00a0\u00bb]<\/p>\n<h3 class=\"whitten-font\">Jouez-vous au moins une fois par semaine ? <span style=\"color: #ccdf23;\">Abonnez-vous &amp; \u00e9conomisez<\/span><\/h3>\n<p>[\/vc_column_text]<div class=\"porto-price-boxes pricing-table  no-borders spaced pricing-table-flat\"><div class=\"row\"><div class=\" col-lg-3 col-md-6\"><div class=\"porto-price-box plan  pricing-tables-rounded  wpb_custom_bd5059520823f81f301eda013dd8b6db plan-custom plan-btn-bottom\"><h3><strong>PREMIER<\/strong><span class=\"plan-price\"><span class=\"price\"><span class=\"price-unit\">$<\/span>2,000 \/ year<\/span><\/span><\/h3><ul>\n<li><strong>$ 166.67\/mo<\/strong> Abonnement (mensuel*)<\/li>\n<li><strong>GRATUIT<\/strong> Co\u00fbt de r\u00e9servation de terrain<\/li>\n<li><strong>GRATUIT<\/strong> Open play quotidien<\/li>\n<li><strong>15 jours<\/strong> P\u00e9riode de r\u00e9servation anticip\u00e9e<\/li>\n<li><strong>20% Rabais \u00e0 la boutique pro<\/strong><\/li>\n<\/ul>\n<a href=\"https:\/\/app.courtreserve.com\/Online\/Memberships\/ViewPublicMembership\/11482?membershipId=252134\" target=\"_self\" class=\"btn btn-modern btn-lg btn-default btn-bottom\">Rejoignez nous<\/a><\/div><\/div><div class=\" col-lg-3 col-md-6\"><div class=\"porto-price-box plan  pricing-tables-rounded  wpb_custom_9048bd631cb3f124e0dd566197076542 plan-custom plan-btn-bottom\"><h3><strong>\u00c9LITE<\/strong><span class=\"plan-price\"><span class=\"price\"><span class=\"price-unit\">$<\/span>1,100 \/ year<\/span><\/span><\/h3><ul>\n<li><strong>$ 91.67\/mo<\/strong> Abonnement (mensuel*)<\/li>\n<li><strong>$ 4\/hr<\/strong> Co\u00fbt de r\u00e9servation de terrain**<\/li>\n<li><strong>GRATUIT<\/strong> Open play quotidien<\/li>\n<li><strong>14\u00a0<\/strong><strong>jours<\/strong> P\u00e9riode de r\u00e9servation anticip\u00e9e<\/li>\n<li><strong>10% <\/strong>Rabais \u00e0 la boutique pro<\/li>\n<\/ul>\n<a href=\"https:\/\/app.courtreserve.com\/Online\/Memberships\/ViewPublicMembership\/11482?membershipId=252419\" target=\"_self\" class=\"btn btn-modern btn-lg btn-default btn-bottom\">Rejoignez nous<\/a><\/div><\/div><div class=\" col-lg-3 col-md-6\"><div class=\"porto-price-box plan  pricing-tables-rounded  wpb_custom_3769f12ea82d73556a45b63975f2cba9 plan-custom plan-btn-bottom\"><h3><strong>ESSENTIEL<\/strong><span class=\"plan-price\"><span class=\"price\"><span class=\"price-unit\">$<\/span>800 \/ year<\/span><\/span><\/h3><ul>\n<li><strong>$ 66.67\/mo<\/strong> Membership (Monthly*)<\/li>\n<li><strong>$ 7\/hr<\/strong> Co\u00fbt de r\u00e9servation de terrain**<\/li>\n<li><strong>GRATUIT<\/strong> Open play quotidien<\/li>\n<li><strong>10 jours<\/strong> P\u00e9riode de r\u00e9servation anticip\u00e9e<\/li>\n<li><strong>&#8211;<\/strong><\/li>\n<\/ul>\n<a href=\"https:\/\/app.courtreserve.com\/Online\/Memberships\/ViewPublicMembership\/11482?membershipId=252433\" target=\"_self\" class=\"btn btn-modern btn-lg btn-default btn-bottom\">Rejoignez nous<\/a><\/div><\/div><div class=\" col-lg-3 col-md-6\"><div class=\"porto-price-box plan  pricing-tables-rounded  wpb_custom_b981ff031e1f8e6334e7613086948ccd plan-custom plan-btn-bottom\"><h3><strong>VISITEUR<\/strong><span class=\"plan-price\"><span class=\"price\">Pay per play<\/span><\/span><\/h3><ul>\n<li><strong>&#8211;<\/strong><\/li>\n<li><strong>$ 15\/hr<\/strong> Co\u00fbt de r\u00e9servation de terrain**<\/li>\n<li><strong>$ 19.50<\/strong> Open play quotidien<\/li>\n<li><strong>3 jours<\/strong> P\u00e9riode de r\u00e9servation anticip\u00e9e<\/li>\n<li><strong>&#8211;<\/strong><\/li>\n<\/ul>\n<a href=\"https:\/\/app.courtreserve.com\/Online\/Memberships\/ViewMembership\/11482?membershipId=177532\" target=\"_self\" class=\"btn btn-modern btn-lg btn-default btn-bottom\">Rejoignez nous<\/a><\/div><\/div><\/div><\/div>[vc_empty_space height=\u00a0\u00bb64px\u00a0\u00bb css_params=\u00a0\u00bb\u00a0\u00bb][vc_column_text css_animation=\u00a0\u00bbfadeInLeft\u00a0\u00bb css=\u00a0\u00bb\u00a0\u00bb css_params=\u00a0\u00bb\u00a0\u00bb]<\/p>\n<h4 class=\"whitten-font\"><em>*Mensuel \u00e0 titre d\u2019illustration seulement. Paiement annuel ou ou Easy 3-Pay<br \/>\n**Co\u00fbt de r\u00e9servation par personne, bas\u00e9 sur r\u00e9servation de 4 personnes.<\/em><\/h4>\n<p>[\/vc_column_text][vc_column_text css_animation=\u00a0\u00bbfadeInUp\u00a0\u00bb css=\u00a0\u00bb\u00a0\u00bb css_params=\u00a0\u00bb\u00a0\u00bb]<\/p>\n<h3 class=\"whitten-font\" style=\"text-align: center;\"><strong>Les avantages incluent<\/strong><\/h3>\n<p><\/p>\n<p class=\"whitten-font\" style=\"text-align: center;\">&#8211; Open play class\u00e9 gratuit<\/p>\n<p><\/p>\n<p class=\"whitten-font\" style=\"text-align: center;\">&#8211; Acc\u00e8s au ligues, tournois et \u00e9v\u00e9nement \u00e0 frais r\u00e9duit<\/p>\n<p><\/p>\n<p class=\"whitten-font\" style=\"text-align: center;\">&#8211; Votre prix annuel ne changera pas tant que votre abonnement reste actif.<\/p>\n<p><\/p>\n<p class=\"whitten-font\" style=\"text-align: center;\">&#8211; Acc\u00e8s \u00e0 tous les futurs emplacements MTL Pickleball sans frais suppl\u00e9mentaires.<\/p>\n<p>[\/vc_column_text][\/vc_column][\/vc_row]<\/p>\n<\/div>","protected":false},"excerpt":{"rendered":"<p>[vc_row][vc_column][vc_separator color=\u00a0\u00bbcustom\u00a0\u00bb gap=\u00a0\u00bbtall\u00a0\u00bb gradient=\u00a0\u00bbyes\u00a0\u00bb][vc_custom_heading text=\u00a0\u00bbNOS FORFAITS\u00a0\u00bb font_container=\u00a0\u00bbtag:h1|text_align:left|color:%23ffffff\u00a0\u00bb use_theme_fonts=\u00a0\u00bbyes\u00a0\u00bb css_params=\u00a0\u00bb\u00a0\u00bb stroke_wd=\u00a0\u00bb{\u00ab\u00a0xl\u00ab\u00a0:\u00ab\u00a0\u00ab\u00a0,\u00ab\u00a0unit\u00ab\u00a0:\u00ab\u00a0\u00ab\u00a0,\u00ab\u00a0xs\u00ab\u00a0:\u00ab\u00a0\u00ab\u00a0,\u00ab\u00a0sm\u00ab\u00a0:\u00ab\u00a0\u00ab\u00a0,\u00ab\u00a0md\u00ab\u00a0:\u00ab\u00a0\u00ab\u00a0,\u00ab\u00a0lg\u00ab\u00a0:\u00ab\u00a0\u00ab\u00a0}\u00a0\u00bb][vc_separator color=\u00a0\u00bbwhite\u00a0\u00bb align=\u00a0\u00bbalign_left\u00a0\u00bb border_width=\u00a0\u00bb3&Prime; el_width=\u00a0\u00bb10&Prime; css_animation=\u00a0\u00bbfadeInLeft\u00a0\u00bb css=\u00a0\u00bb\u00a0\u00bb style=\u00a0\u00bbsolid\u00a0\u00bb gap=\u00a0\u00bbshort\u00a0\u00bb css_params=\u00a0\u00bb\u00a0\u00bb][vc_separator color=\u00a0\u00bbwhite\u00a0\u00bb align=\u00a0\u00bbalign_left\u00a0\u00bb border_width=\u00a0\u00bb3&Prime; el_width=\u00a0\u00bb10&Prime; css_animation=\u00a0\u00bbfadeInLeft\u00a0\u00bb css=\u00a0\u00bb\u00a0\u00bb style=\u00a0\u00bbsolid\u00a0\u00bb gap=\u00a0\u00bbshort\u00a0\u00bb css_params=\u00a0\u00bb\u00a0\u00bb][vc_empty_space][\/vc_column][\/vc_row][vc_row][vc_column width=\u00a0\u00bb1\/2&Prime;][vc_single_image image=\u00a0\u00bb9105&Prime; img_size=\u00a0\u00bbfull\u00a0\u00bb alignment=\u00a0\u00bbcenter\u00a0\u00bb css=\u00a0\u00bb\u00a0\u00bb css_params=\u00a0\u00bb\u00a0\u00bb img_mwidth=\u00a0\u00bb{\u00ab\u00a0xl\u00ab\u00a0:\u00ab\u00a0\u00ab\u00a0,\u00ab\u00a0unit\u00ab\u00a0:\u00ab\u00a0\u00ab\u00a0,\u00ab\u00a0xs\u00ab\u00a0:\u00ab\u00a0\u00ab\u00a0,\u00ab\u00a0sm\u00ab\u00a0:\u00ab\u00a0\u00ab\u00a0,\u00ab\u00a0md\u00ab\u00a0:\u00ab\u00a0\u00ab\u00a0,\u00ab\u00a0lg\u00ab\u00a0:\u00ab\u00a0\u00ab\u00a0}\u00a0\u00bb img_width=\u00a0\u00bb{\u00ab\u00a0xl\u00ab\u00a0:\u00ab\u00a0\u00ab\u00a0,\u00ab\u00a0unit\u00ab\u00a0:\u00ab\u00a0\u00ab\u00a0,\u00ab\u00a0xs\u00ab\u00a0:\u00ab\u00a0\u00ab\u00a0,\u00ab\u00a0sm\u00ab\u00a0:\u00ab\u00a0\u00ab\u00a0,\u00ab\u00a0md\u00ab\u00a0:\u00ab\u00a0\u00ab\u00a0,\u00ab\u00a0lg\u00ab\u00a0:\u00ab\u00a0\u00ab\u00a0}\u00a0\u00bb][\/vc_column][vc_column width=\u00a0\u00bb1\/2&Prime; css=\u00a0\u00bb.vc_custom_1750717006231{border-top-width: 2px !important;border-right-width: 2px !important;border-bottom-width: 2px !important;border-left-width: 2px !important;border-left-style: solid !important;border-right-style: solid !important;border-top-style: solid !important;border-bottom-style: solid !important;border-radius: 15px [&hellip;]<\/p>\n","protected":false},"author":1,"featured_media":0,"parent":0,"menu_order":0,"comment_status":"closed","ping_status":"closed","template":"","meta":{"footnotes":""},"class_list":["post-4397","page","type-page","status-publish","hentry"],"_links":{"self":[{"href":"https:\/\/mtlpickleball.com\/fr\/wp-json\/wp\/v2\/pages\/4397","targetHints":{"allow":["GET"]}}],"collection":[{"href":"https:\/\/mtlpickleball.com\/fr\/wp-json\/wp\/v2\/pages"}],"about":[{"href":"https:\/\/mtlpickleball.com\/fr\/wp-json\/wp\/v2\/types\/page"}],"author":[{"embeddable":true,"href":"https:\/\/mtlpickleball.com\/fr\/wp-json\/wp\/v2\/users\/1"}],"replies":[{"embeddable":true,"href":"https:\/\/mtlpickleball.com\/fr\/wp-json\/wp\/v2\/comments?post=4397"}],"version-history":[{"count":167,"href":"https:\/\/mtlpickleball.com\/fr\/wp-json\/wp\/v2\/pages\/4397\/revisions"}],"predecessor-version":[{"id":9179,"href":"https:\/\/mtlpickleball.com\/fr\/wp-json\/wp\/v2\/pages\/4397\/revisions\/9179"}],"wp:attachment":[{"href":"https:\/\/mtlpickleball.com\/fr\/wp-json\/wp\/v2\/media?parent=4397"}],"curies":[{"name":"wp","href":"https:\/\/api.w.org\/{rel}","templated":true}]}}