{"id":7098,"date":"2025-10-15T10:06:25","date_gmt":"2025-10-15T14:06:25","guid":{"rendered":"https:\/\/mtlpickleball.com\/forfaits\/programme-de-parrainage-mtl-pickleball\/"},"modified":"2025-10-21T00:07:10","modified_gmt":"2025-10-21T04:07:10","slug":"programme-de-parrainage-mtl-pickleball","status":"publish","type":"page","link":"https:\/\/mtlpickleball.com\/fr\/forfaits\/programme-de-parrainage-mtl-pickleball\/","title":{"rendered":"Programme de parrainage MTL Pickleball"},"content":{"rendered":"<div class=\"wpb-content-wrapper\"><p>[vc_row][vc_column][vc_separator color=\u00a0\u00bbcustom\u00a0\u00bb gap=\u00a0\u00bbtall\u00a0\u00bb gradient=\u00a0\u00bbyes\u00a0\u00bb][vc_custom_heading text=\u00a0\u00bb<i>Programme de parrainage MTL Pickleball<\/i>\u00a0\u00bb font_container=\u00a0\u00bbtag:h1|text_align:left|color:%23ffffff\u00a0\u00bb use_theme_fonts=\u00a0\u00bbyes\u00a0\u00bb css_params=\u00a0\u00bb\u00a0\u00bb stroke_wd=\u00a0\u00bb{\u00ab\u00a0xl\u00ab\u00a0:\u00ab\u00a0\u00ab\u00a0,\u00ab\u00a0unit\u00ab\u00a0:\u00ab\u00a0\u00ab\u00a0,\u00ab\u00a0xs\u00ab\u00a0:\u00ab\u00a0\u00ab\u00a0,\u00ab\u00a0sm\u00ab\u00a0:\u00ab\u00a0\u00ab\u00a0,\u00ab\u00a0md\u00ab\u00a0:\u00ab\u00a0\u00ab\u00a0,\u00ab\u00a0lg\u00ab\u00a0:\u00ab\u00a0\u00ab\u00a0}\u00a0\u00bb][vc_separator color=\u00a0\u00bbwhite\u00a0\u00bb align=\u00a0\u00bbalign_left\u00a0\u00bb border_width=\u00a0\u00bb3&Prime; el_width=\u00a0\u00bb10&Prime; css_animation=\u00a0\u00bbfadeInLeft\u00a0\u00bb css=\u00a0\u00bb\u00a0\u00bb style=\u00a0\u00bbsolid\u00a0\u00bb gap=\u00a0\u00bbshort\u00a0\u00bb css_params=\u00a0\u00bb\u00a0\u00bb][vc_empty_space height=\u00a0\u00bb64px\u00a0\u00bb css_params=\u00a0\u00bb\u00a0\u00bb][\/vc_column][\/vc_row][vc_row][vc_column width=\u00a0\u00bb1\/2&Prime;][vc_single_image image=\u00a0\u00bb7262&Prime; img_size=\u00a0\u00bblarge\u00a0\u00bb alignment=\u00a0\u00bbcenter\u00a0\u00bb css=\u00a0\u00bb\u00a0\u00bb label=\u00a0\u00bb\u00a0\u00bb css_params=\u00a0\u00bb\u00a0\u00bb][\/vc_column][vc_column width=\u00a0\u00bb1\/2&Prime;][vc_column_text css=\u00a0\u00bb\u00a0\u00bb text_color=\u00a0\u00bb#ffffff\u00a0\u00bb css_params=\u00a0\u00bb\u00a0\u00bb]<\/p>\n<h3>Partage le jeu. Obtenez $50 chacun!<\/h3>\n<p><em>\ud83d\udcb8 Obtiens $50 lorsque tu r\u00e9f\u00e8res un nouveau membre!<\/em><\/p>\n<p>Tu aimes jouer chez MTL Pickleball? Partage le plaisir et sois r\u00e9compens\u00e9!<br \/>Lorsque tu r\u00e9f\u00e8res un ami qui devient membre, <strong>vous recevez chacun un cr\u00e9dit de 50 $<\/strong> \u2014 applicable sur les r\u00e9servations de terrain, cours ou achats \u00e0 la boutique.<\/p>\n<p>\u2705 <strong>Comment \u00e7a fonctionne :<\/strong><\/p>\n<ol>\n<li>Invite ton ami \u00e0 se joindre \u00e0 MTL Pickleball.<\/li>\n<li>Am\u00e8ne ton ami avec toi au moment de l\u2019inscription.<\/li>\n<li>D\u00e8s que son adh\u00e9sion est activ\u00e9e, vous recevez <strong>50 $ de cr\u00e9dit chacun!<\/strong><\/li>\n<\/ol>\n<p>\ud83d\udca5 Bonus : Lance une <strong>r\u00e9action en cha\u00eene<\/strong> \u2014 quand ton ami am\u00e8ne <em>son<\/em> ami, tout le monde gagne encore! Jusqu\u2019\u00e0 <strong>100 $ chacun<\/strong> quand la cha\u00eene continue.<\/p>\n<p>Offre valide pour les nouvelles adh\u00e9sions seulement. Cr\u00e9dit appliqu\u00e9 dans les 7 jours suivant l\u2019inscription.<br \/>Ne peut \u00eatre combin\u00e9e \u00e0 une autre offre.<\/p>\n<p>\ud83d\udc49 Partage le jeu \u2014 r\u00e9f\u00e8re autant d\u2019amis que tu veux![\/vc_column_text][\/vc_column][\/vc_row]<\/p>\n<\/div>","protected":false},"excerpt":{"rendered":"<p>[vc_row][vc_column][vc_separator color=\u00a0\u00bbcustom\u00a0\u00bb gap=\u00a0\u00bbtall\u00a0\u00bb gradient=\u00a0\u00bbyes\u00a0\u00bb][vc_custom_heading text=\u00a0\u00bbProgramme de parrainage MTL Pickleball\u00a0\u00bb font_container=\u00a0\u00bbtag:h1|text_align:left|color:%23ffffff\u00a0\u00bb use_theme_fonts=\u00a0\u00bbyes\u00a0\u00bb css_params=\u00a0\u00bb\u00a0\u00bb stroke_wd=\u00a0\u00bb{\u00ab\u00a0xl\u00ab\u00a0:\u00ab\u00a0\u00ab\u00a0,\u00ab\u00a0unit\u00ab\u00a0:\u00ab\u00a0\u00ab\u00a0,\u00ab\u00a0xs\u00ab\u00a0:\u00ab\u00a0\u00ab\u00a0,\u00ab\u00a0sm\u00ab\u00a0:\u00ab\u00a0\u00ab\u00a0,\u00ab\u00a0md\u00ab\u00a0:\u00ab\u00a0\u00ab\u00a0,\u00ab\u00a0lg\u00ab\u00a0:\u00ab\u00a0\u00ab\u00a0}\u00a0\u00bb][vc_separator color=\u00a0\u00bbwhite\u00a0\u00bb align=\u00a0\u00bbalign_left\u00a0\u00bb border_width=\u00a0\u00bb3&Prime; el_width=\u00a0\u00bb10&Prime; css_animation=\u00a0\u00bbfadeInLeft\u00a0\u00bb css=\u00a0\u00bb\u00a0\u00bb style=\u00a0\u00bbsolid\u00a0\u00bb gap=\u00a0\u00bbshort\u00a0\u00bb css_params=\u00a0\u00bb\u00a0\u00bb][vc_empty_space height=\u00a0\u00bb64px\u00a0\u00bb css_params=\u00a0\u00bb\u00a0\u00bb][\/vc_column][\/vc_row][vc_row][vc_column width=\u00a0\u00bb1\/2&Prime;][vc_single_image image=\u00a0\u00bb7262&Prime; img_size=\u00a0\u00bblarge\u00a0\u00bb alignment=\u00a0\u00bbcenter\u00a0\u00bb css=\u00a0\u00bb\u00a0\u00bb label=\u00a0\u00bb\u00a0\u00bb css_params=\u00a0\u00bb\u00a0\u00bb][\/vc_column][vc_column width=\u00a0\u00bb1\/2&Prime;][vc_column_text css=\u00a0\u00bb\u00a0\u00bb text_color=\u00a0\u00bb#ffffff\u00a0\u00bb css_params=\u00a0\u00bb\u00a0\u00bb] Partage le jeu. Obtenez $50 chacun! \ud83d\udcb8 Obtiens $50 lorsque tu r\u00e9f\u00e8res un nouveau membre! Tu aimes jouer chez MTL [&hellip;]<\/p>\n","protected":false},"author":1,"featured_media":0,"parent":4397,"menu_order":0,"comment_status":"closed","ping_status":"closed","template":"","meta":{"footnotes":""},"class_list":["post-7098","page","type-page","status-publish","hentry"],"_links":{"self":[{"href":"https:\/\/mtlpickleball.com\/fr\/wp-json\/wp\/v2\/pages\/7098","targetHints":{"allow":["GET"]}}],"collection":[{"href":"https:\/\/mtlpickleball.com\/fr\/wp-json\/wp\/v2\/pages"}],"about":[{"href":"https:\/\/mtlpickleball.com\/fr\/wp-json\/wp\/v2\/types\/page"}],"author":[{"embeddable":true,"href":"https:\/\/mtlpickleball.com\/fr\/wp-json\/wp\/v2\/users\/1"}],"replies":[{"embeddable":true,"href":"https:\/\/mtlpickleball.com\/fr\/wp-json\/wp\/v2\/comments?post=7098"}],"version-history":[{"count":14,"href":"https:\/\/mtlpickleball.com\/fr\/wp-json\/wp\/v2\/pages\/7098\/revisions"}],"predecessor-version":[{"id":7268,"href":"https:\/\/mtlpickleball.com\/fr\/wp-json\/wp\/v2\/pages\/7098\/revisions\/7268"}],"up":[{"embeddable":true,"href":"https:\/\/mtlpickleball.com\/fr\/wp-json\/wp\/v2\/pages\/4397"}],"wp:attachment":[{"href":"https:\/\/mtlpickleball.com\/fr\/wp-json\/wp\/v2\/media?parent=7098"}],"curies":[{"name":"wp","href":"https:\/\/api.w.org\/{rel}","templated":true}]}}