{"id":7947,"date":"2026-01-02T11:05:15","date_gmt":"2026-01-02T16:05:15","guid":{"rendered":"https:\/\/mtlpickleball.com\/?page_id=7947"},"modified":"2026-01-03T18:44:31","modified_gmt":"2026-01-03T23:44:31","slug":"mtl-parcours-debutant","status":"publish","type":"page","link":"https:\/\/mtlpickleball.com\/fr\/mtl-parcours-debutant\/","title":{"rendered":"MTL Parcours D\u00e9butant"},"content":{"rendered":"<div class=\"wpb-content-wrapper\"><p>[vc_row][vc_column][vc_empty_space][vc_custom_heading text=\u00a0\u00bb<i>MTL Parcours D\u00e9butant<\/i>\u00a0\u00bb font_container=\u00a0\u00bbtag:h1|text_align:left|color:%23ffffff\u00a0\u00bb use_theme_fonts=\u00a0\u00bbyes\u00a0\u00bb css_params=\u00a0\u00bb\u00a0\u00bb][vc_separator color=\u00a0\u00bbwhite\u00a0\u00bb align=\u00a0\u00bbalign_left\u00a0\u00bb border_width=\u00a0\u00bb3&Prime; el_width=\u00a0\u00bb10&Prime; css_animation=\u00a0\u00bbfadeInLeft\u00a0\u00bb css=\u00a0\u00bb\u00a0\u00bb style=\u00a0\u00bbsolid\u00a0\u00bb gap=\u00a0\u00bbshort\u00a0\u00bb css_params=\u00a0\u00bb\u00a0\u00bb][vc_empty_space][\/vc_column][\/vc_row][vc_row][vc_column][vc_column_text css=\u00a0\u00bb\u00a0\u00bb text_color=\u00a0\u00bb#ffffff\u00a0\u00bb css_params=\u00a0\u00bb\u00a0\u00bb]<\/p>\n<h4>Commencer le pickleball n\u2019a jamais \u00e9t\u00e9 aussi simple! Chez\u00a0<span style=\"color: #ccdf23;\">MTL Pickleball<\/span>, nous avons cr\u00e9\u00e9 un\u00a0parcours \u00e9tape par \u00e9tape pour vous aider \u00e0 prendre confiance, rencontrer d\u2019autres joueurs et am\u00e9liorer votre jeu.<\/h4>\n<p>[\/vc_column_text][vc_empty_space][vc_row_inner][vc_column_inner width=\u00a0\u00bb1\/2&Prime;][vc_column_text css=\u00a0\u00bb\u00a0\u00bb text_color=\u00a0\u00bb#ffffff\u00a0\u00bb css_params=\u00a0\u00bb\u00a0\u00bb]\ud83c\udfd3\u00a0<strong>\u00c9tape 1: Introduction au pickleball (Premier contact<\/strong>)<\/p>\n<p>\u2705\u00a0<strong>La plupart l\u2019ont d\u00e9j\u00e0 fait! Passez \u00e0 l\u2019\u00e9tape suivante!<\/strong><\/p>\n<p>\ud83c\udf31 Faites germer un nouveau joueur de pickleball \u2013 Transf\u00e9rez ce courriel \u00e0 un ami pour lancer son\u00a0parcours!<\/p>\n<ul>\n<li>Clinique \u00abInitiation pour d\u00e9butants\u00bb de 60 \u00e0 90 minutes avec un entra\u00eeneur<br \/>\n\u2022 R\u00e8gles, pointage, s\u00e9curit\u00e9 et coups de base<br \/>\n<u><a href=\"https:\/\/widgets.courtreserve.com\/Online\/Public\/EmbedCode\/11482\/80067\">\ud83d\udc49 Inscription \u00c9tape 1<\/a><\/u><\/li>\n<\/ul>\n<p>\ud83c\udfd3\u00a0<strong>\u00c9tape 2: Jeu social pour d\u00e9butants<\/strong><\/p>\n<ul>\n<li>Plage horaire hebdomadaire r\u00e9serv\u00e9e uniquement aux d\u00e9butants<br \/>\n\u2022 Jeu encadr\u00e9 avec entra\u00eeneur sur place<br \/>\n<u><a href=\"https:\/\/widgets.courtreserve.com\/Online\/Public\/EmbedCode\/11482\/79576\">\ud83d\udc49 Inscription \u00c9tape 2<\/a><\/u><\/li>\n<\/ul>\n<p>\ud83c\udfd3\u00a0<strong>\u00c9tape 3: Ateliers \u201cComp\u00e9tences &amp; Drills\u201d<\/strong><\/p>\n<ul>\n<li>S\u00e9ances courtes ciblant les services, retours et dinks<br \/>\n\u2022 D\u00e9fis ludiques pour acc\u00e9l\u00e9rer l\u2019apprentissage<br \/>\n<u><a href=\"https:\/\/widgets.courtreserve.com\/Online\/Public\/EmbedCode\/11482\/80068\">\ud83d\udc49 Inscription \u00c9tape 3<\/a><\/u><\/li>\n<\/ul>\n<p>&nbsp;<\/p>\n<p>\u2705 Que ce soit votre premi\u00e8re frappe ou que vous cherchiez \u00e0 solidifier vos bases, ce\u00a0<strong>Parcour<\/strong><strong>s D\u00e9butant<\/strong>\u00a0vous donnera rapidement confiance sur le terrain.[\/vc_column_text][vc_empty_space][vc_column_text css=\u00a0\u00bb\u00a0\u00bb text_color=\u00a0\u00bb#ffffff\u00a0\u00bb css_params=\u00a0\u00bb\u00a0\u00bb]Nouvelle ann\u00e9e, nouveaux objectifs<\/p>\n<p>Notre forfait R\u00e9solution du Nouvel An est con\u00e7u pour les d\u00e9butants qui veulent apprendre vite, mieux jouer et gagner en confiance. Commencez votre parcours pickleball chez MTL Pickleball<\/p>\n<p>Appelez-nous pour vous inscrire : <a href=\"tel:514-327-3848\" style=\"color:#CCDF23;\">514-327-3848<\/a><br \/>[\/vc_column_text][\/vc_column_inner][vc_column_inner width=\u00a0\u00bb1\/2&Prime;][vc_raw_html css=\u00a0\u00bb\u00a0\u00bb css_params=\u00a0\u00bb\u00a0\u00bb]PGlmcmFtZSB3aWR0aD0iMzgxIiBoZWlnaHQ9IjY3OCIgc3JjPSJodHRwczovL3d3dy55b3V0dWJlLmNvbS9lbWJlZC94Yjk2MkJ6aHFXdyIgdGl0bGU9Im55ZSByZXNvIGFkIiBmcmFtZWJvcmRlcj0iMCIgYWxsb3c9ImFjY2VsZXJvbWV0ZXI7IGF1dG9wbGF5OyBjbGlwYm9hcmQtd3JpdGU7IGVuY3J5cHRlZC1tZWRpYTsgZ3lyb3Njb3BlOyBwaWN0dXJlLWluLXBpY3R1cmU7IHdlYi1zaGFyZSIgcmVmZXJyZXJwb2xpY3k9InN0cmljdC1vcmlnaW4td2hlbi1jcm9zcy1vcmlnaW4iIGFsbG93ZnVsbHNjcmVlbj48L2lmcmFtZT4=[\/vc_raw_html][\/vc_column_inner][\/vc_row_inner][\/vc_column][\/vc_row]<\/p>\n<\/div>","protected":false},"excerpt":{"rendered":"<p>[vc_row][vc_column][vc_empty_space][vc_custom_heading text=\u00a0\u00bbMTL Parcours D\u00e9butant\u00a0\u00bb font_container=\u00a0\u00bbtag:h1|text_align:left|color:%23ffffff\u00a0\u00bb use_theme_fonts=\u00a0\u00bbyes\u00a0\u00bb css_params=\u00a0\u00bb\u00a0\u00bb][vc_separator color=\u00a0\u00bbwhite\u00a0\u00bb align=\u00a0\u00bbalign_left\u00a0\u00bb border_width=\u00a0\u00bb3&Prime; el_width=\u00a0\u00bb10&Prime; css_animation=\u00a0\u00bbfadeInLeft\u00a0\u00bb css=\u00a0\u00bb\u00a0\u00bb style=\u00a0\u00bbsolid\u00a0\u00bb gap=\u00a0\u00bbshort\u00a0\u00bb css_params=\u00a0\u00bb\u00a0\u00bb][vc_empty_space][\/vc_column][\/vc_row][vc_row][vc_column][vc_column_text css=\u00a0\u00bb\u00a0\u00bb text_color=\u00a0\u00bb#ffffff\u00a0\u00bb css_params=\u00a0\u00bb\u00a0\u00bb] Commencer le pickleball n\u2019a jamais \u00e9t\u00e9 aussi simple! Chez\u00a0MTL Pickleball, nous avons cr\u00e9\u00e9 un\u00a0parcours \u00e9tape par \u00e9tape pour vous aider \u00e0 prendre confiance, rencontrer d\u2019autres joueurs et am\u00e9liorer votre jeu. [\/vc_column_text][vc_empty_space][vc_row_inner][vc_column_inner width=\u00a0\u00bb1\/2&Prime;][vc_column_text css=\u00a0\u00bb\u00a0\u00bb text_color=\u00a0\u00bb#ffffff\u00a0\u00bb css_params=\u00a0\u00bb\u00a0\u00bb]\ud83c\udfd3\u00a0\u00c9tape 1: [&hellip;]<\/p>\n","protected":false},"author":1,"featured_media":0,"parent":0,"menu_order":0,"comment_status":"closed","ping_status":"closed","template":"","meta":{"footnotes":""},"class_list":["post-7947","page","type-page","status-publish","hentry"],"_links":{"self":[{"href":"https:\/\/mtlpickleball.com\/fr\/wp-json\/wp\/v2\/pages\/7947","targetHints":{"allow":["GET"]}}],"collection":[{"href":"https:\/\/mtlpickleball.com\/fr\/wp-json\/wp\/v2\/pages"}],"about":[{"href":"https:\/\/mtlpickleball.com\/fr\/wp-json\/wp\/v2\/types\/page"}],"author":[{"embeddable":true,"href":"https:\/\/mtlpickleball.com\/fr\/wp-json\/wp\/v2\/users\/1"}],"replies":[{"embeddable":true,"href":"https:\/\/mtlpickleball.com\/fr\/wp-json\/wp\/v2\/comments?post=7947"}],"version-history":[{"count":16,"href":"https:\/\/mtlpickleball.com\/fr\/wp-json\/wp\/v2\/pages\/7947\/revisions"}],"predecessor-version":[{"id":7978,"href":"https:\/\/mtlpickleball.com\/fr\/wp-json\/wp\/v2\/pages\/7947\/revisions\/7978"}],"wp:attachment":[{"href":"https:\/\/mtlpickleball.com\/fr\/wp-json\/wp\/v2\/media?parent=7947"}],"curies":[{"name":"wp","href":"https:\/\/api.w.org\/{rel}","templated":true}]}}