{"id":8315,"date":"2026-02-15T01:00:09","date_gmt":"2026-02-15T06:00:09","guid":{"rendered":"https:\/\/mtlpickleball.com\/?page_id=8315"},"modified":"2026-04-07T00:04:03","modified_gmt":"2026-04-07T04:04:03","slug":"mtl-open-by-legend","status":"publish","type":"page","link":"https:\/\/mtlpickleball.com\/fr\/mtl-open-by-legend\/","title":{"rendered":"MTL Open Powered by Legend Pickleball"},"content":{"rendered":"<div class=\"wpb-content-wrapper\"><p>[vc_row][vc_column][vc_separator color=\u00a0\u00bbcustom\u00a0\u00bb gap=\u00a0\u00bbtall\u00a0\u00bb gradient=\u00a0\u00bbyes\u00a0\u00bb][vc_custom_heading text=\u00a0\u00bb<i>MTL Open<\/i>\u00a0\u00bb font_container=\u00a0\u00bbtag:h1|text_align:left|color:%23ffffff\u00a0\u00bb use_theme_fonts=\u00a0\u00bbyes\u00a0\u00bb css_params=\u00a0\u00bb\u00a0\u00bb stroke_wd=\u00a0\u00bb{\u00ab\u00a0xl\u00ab\u00a0:\u00ab\u00a0\u00ab\u00a0,\u00ab\u00a0unit\u00ab\u00a0:\u00ab\u00a0\u00ab\u00a0,\u00ab\u00a0xs\u00ab\u00a0:\u00ab\u00a0\u00ab\u00a0,\u00ab\u00a0sm\u00ab\u00a0:\u00ab\u00a0\u00ab\u00a0,\u00ab\u00a0md\u00ab\u00a0:\u00ab\u00a0\u00ab\u00a0,\u00ab\u00a0lg\u00ab\u00a0:\u00ab\u00a0\u00ab\u00a0}\u00a0\u00bb][vc_separator color=\u00a0\u00bbwhite\u00a0\u00bb align=\u00a0\u00bbalign_left\u00a0\u00bb border_width=\u00a0\u00bb3&Prime; el_width=\u00a0\u00bb10&Prime; css_animation=\u00a0\u00bbfadeInLeft\u00a0\u00bb css=\u00a0\u00bb\u00a0\u00bb style=\u00a0\u00bbsolid\u00a0\u00bb gap=\u00a0\u00bbshort\u00a0\u00bb css_params=\u00a0\u00bb\u00a0\u00bb][vc_empty_space height=\u00a0\u00bb64px\u00a0\u00bb css_params=\u00a0\u00bb\u00a0\u00bb][\/vc_column][\/vc_row][vc_row conditional_render=\u00a0\u00bb%5B%7B%22value_role%22%3A%22administrator%22%7D%5D\u00a0\u00bb css_params=\u00a0\u00bb\u00a0\u00bb][vc_column][vc_single_image image=\u00a0\u00bb7725&Prime; img_size=\u00a0\u00bbfull\u00a0\u00bb alignment=\u00a0\u00bbcenter\u00a0\u00bb onclick=\u00a0\u00bblink_image\u00a0\u00bb css=\u00a0\u00bb\u00a0\u00bb img_mwidth=\u00a0\u00bb{\u00ab\u00a0xl\u00ab\u00a0:\u00ab\u00a0\u00ab\u00a0,\u00ab\u00a0unit\u00ab\u00a0:\u00ab\u00a0\u00ab\u00a0,\u00ab\u00a0xs\u00ab\u00a0:\u00ab\u00a0\u00ab\u00a0,\u00ab\u00a0sm\u00ab\u00a0:\u00ab\u00a0\u00ab\u00a0,\u00ab\u00a0md\u00ab\u00a0:\u00ab\u00a0\u00ab\u00a0,\u00ab\u00a0lg\u00ab\u00a0:\u00ab\u00a0\u00ab\u00a0}\u00a0\u00bb css_params=\u00a0\u00bb\u00a0\u00bb img_width=\u00a0\u00bb{\u00ab\u00a0xl\u00ab\u00a0:\u00ab\u00a0\u00ab\u00a0,\u00ab\u00a0unit\u00ab\u00a0:\u00ab\u00a0\u00ab\u00a0,\u00ab\u00a0xs\u00ab\u00a0:\u00ab\u00a0\u00ab\u00a0,\u00ab\u00a0sm\u00ab\u00a0:\u00ab\u00a0\u00ab\u00a0,\u00ab\u00a0md\u00ab\u00a0:\u00ab\u00a0\u00ab\u00a0,\u00ab\u00a0lg\u00ab\u00a0:\u00ab\u00a0\u00ab\u00a0}\u00a0\u00bb][vc_empty_space][vc_column_text css=\u00a0\u00bb\u00a0\u00bb text_color=\u00a0\u00bb#ffffff\u00a0\u00bb css_params=\u00a0\u00bb\u00a0\u00bb]Le MTL Open Powered by Legend Pickleball est une s\u00e9rie de 8 tournois excitants con\u00e7ue pour les joueurs \u00e0 la recherche de comp\u00e9tition et d\u2019une ambiance exceptionnelle. \u00c0 chaque \u00e9tape, les \u00e9quipes profitent d\u2019un format unique, d\u2019un minimum de matchs garantis et de la chance de remporter des m\u00e9dailles. De plus, les joueurs accumulent des points tout au long de la saison pour obtenir des avantages et des r\u00e9compenses exclusives en fin de s\u00e9rie. Joignez-vous \u00e0 nous, jouez fort et vivez l\u2019un des circuits de pickleball les plus dynamiques \u00e0 Montr\u00e9al![\/vc_column_text][\/vc_column][\/vc_row][vc_row][vc_column width=\u00a0\u00bb1\/2&Prime;][vc_separator color=\u00a0\u00bbcustom\u00a0\u00bb gap=\u00a0\u00bbtall\u00a0\u00bb gradient=\u00a0\u00bbyes\u00a0\u00bb][vc_custom_heading text=\u00a0\u00bb<i>2026.04.25 Mixed Doubles Split-Age<\/i>\u00a0\u00bb font_container=\u00a0\u00bbtag:h1|text_align:left|color:%23ffffff\u00a0\u00bb use_theme_fonts=\u00a0\u00bbyes\u00a0\u00bb css_params=\u00a0\u00bb\u00a0\u00bb stroke_wd=\u00a0\u00bb{\u00ab\u00a0xl\u00ab\u00a0:\u00ab\u00a0\u00ab\u00a0,\u00ab\u00a0unit\u00ab\u00a0:\u00ab\u00a0\u00ab\u00a0,\u00ab\u00a0xs\u00ab\u00a0:\u00ab\u00a0\u00ab\u00a0,\u00ab\u00a0sm\u00ab\u00a0:\u00ab\u00a0\u00ab\u00a0,\u00ab\u00a0md\u00ab\u00a0:\u00ab\u00a0\u00ab\u00a0,\u00ab\u00a0lg\u00ab\u00a0:\u00ab\u00a0\u00ab\u00a0}\u00a0\u00bb][vc_separator color=\u00a0\u00bbwhite\u00a0\u00bb align=\u00a0\u00bbalign_left\u00a0\u00bb border_width=\u00a0\u00bb3&Prime; el_width=\u00a0\u00bb10&Prime; css_animation=\u00a0\u00bbfadeInLeft\u00a0\u00bb css=\u00a0\u00bb\u00a0\u00bb style=\u00a0\u00bbsolid\u00a0\u00bb gap=\u00a0\u00bbshort\u00a0\u00bb css_params=\u00a0\u00bb\u00a0\u00bb][vc_empty_space height=\u00a0\u00bb64px\u00a0\u00bb css_params=\u00a0\u00bb\u00a0\u00bb][vc_single_image image=\u00a0\u00bb8313&Prime; img_size=\u00a0\u00bbfull\u00a0\u00bb alignment=\u00a0\u00bbcenter\u00a0\u00bb onclick=\u00a0\u00bblink_image\u00a0\u00bb css=\u00a0\u00bb\u00a0\u00bb img_mwidth=\u00a0\u00bb{\u00ab\u00a0xl\u00ab\u00a0:\u00ab\u00a0\u00ab\u00a0,\u00ab\u00a0unit\u00ab\u00a0:\u00ab\u00a0\u00ab\u00a0,\u00ab\u00a0xs\u00ab\u00a0:\u00ab\u00a0\u00ab\u00a0,\u00ab\u00a0sm\u00ab\u00a0:\u00ab\u00a0\u00ab\u00a0,\u00ab\u00a0md\u00ab\u00a0:\u00ab\u00a0\u00ab\u00a0,\u00ab\u00a0lg\u00ab\u00a0:\u00ab\u00a0\u00ab\u00a0}\u00a0\u00bb css_params=\u00a0\u00bb\u00a0\u00bb img_width=\u00a0\u00bb{\u00ab\u00a0xl\u00ab\u00a0:\u00ab\u00a0\u00ab\u00a0,\u00ab\u00a0unit\u00ab\u00a0:\u00ab\u00a0\u00ab\u00a0,\u00ab\u00a0xs\u00ab\u00a0:\u00ab\u00a0\u00ab\u00a0,\u00ab\u00a0sm\u00ab\u00a0:\u00ab\u00a0\u00ab\u00a0,\u00ab\u00a0md\u00ab\u00a0:\u00ab\u00a0\u00ab\u00a0,\u00ab\u00a0lg\u00ab\u00a0:\u00ab\u00a0\u00ab\u00a0}\u00a0\u00bb][vc_empty_space][vc_column_text css=\u00a0\u00bb\u00a0\u00bb text_color=\u00a0\u00bb#ffffff\u00a0\u00bb css_params=\u00a0\u00bb\u00a0\u00bb]Votre inscription est officielle une fois que votre \u00e9quipe est inscrite sur Fwango ET que les deux joueurs ont pay\u00e9 sur Court Reserve. Rabais d&rsquo;early-bird jusqu&rsquo;au 25 f\u00e9vrier 2026.[\/vc_column_text][vc_empty_space][vc_btn title=\u00a0\u00bbInscrivez maintenant\u00a0\u00bb style=\u00a0\u00bbmodern\u00a0\u00bb shape=\u00a0\u00bbrounded\u00a0\u00bb align=\u00a0\u00bbcenter\u00a0\u00bb btn_fs=\u00a0\u00bb18px\u00a0\u00bb btn_fw=\u00a0\u00bb700&Prime; css_params=\u00a0\u00bb\u00a0\u00bb link=\u00a0\u00bburl:https%3A%2F%2Ffwango.io%2Flegendapratmtlpb|\u00a0\u00bb][vc_empty_space][vc_btn title=\u00a0\u00bbPayez les frais du tournoi\u00a0\u00bb style=\u00a0\u00bbmodern\u00a0\u00bb shape=\u00a0\u00bbrounded\u00a0\u00bb align=\u00a0\u00bbcenter\u00a0\u00bb btn_fs=\u00a0\u00bb18px\u00a0\u00bb btn_fw=\u00a0\u00bb700&Prime; css_params=\u00a0\u00bb\u00a0\u00bb link=\u00a0\u00bburl:https%3A%2F%2Fapp.courtreserve.com%2FOnline%2FEvents%2FPublic%2F11482%2F1808364|\u00a0\u00bb][\/vc_column][vc_column width=\u00a0\u00bb1\/2&Prime;][vc_separator color=\u00a0\u00bbcustom\u00a0\u00bb gap=\u00a0\u00bbtall\u00a0\u00bb gradient=\u00a0\u00bbyes\u00a0\u00bb][vc_custom_heading text=\u00a0\u00bb<i>2026.05.24 Double femme\/homme<\/i>\u00a0\u00bb font_container=\u00a0\u00bbtag:h1|text_align:left|color:%23ffffff\u00a0\u00bb use_theme_fonts=\u00a0\u00bbyes\u00a0\u00bb css_params=\u00a0\u00bb\u00a0\u00bb stroke_wd=\u00a0\u00bb{\u00ab\u00a0xl\u00ab\u00a0:\u00ab\u00a0\u00ab\u00a0,\u00ab\u00a0unit\u00ab\u00a0:\u00ab\u00a0\u00ab\u00a0,\u00ab\u00a0xs\u00ab\u00a0:\u00ab\u00a0\u00ab\u00a0,\u00ab\u00a0sm\u00ab\u00a0:\u00ab\u00a0\u00ab\u00a0,\u00ab\u00a0md\u00ab\u00a0:\u00ab\u00a0\u00ab\u00a0,\u00ab\u00a0lg\u00ab\u00a0:\u00ab\u00a0\u00ab\u00a0}\u00a0\u00bb][vc_separator color=\u00a0\u00bbwhite\u00a0\u00bb align=\u00a0\u00bbalign_left\u00a0\u00bb border_width=\u00a0\u00bb3&Prime; el_width=\u00a0\u00bb10&Prime; css_animation=\u00a0\u00bbfadeInLeft\u00a0\u00bb css=\u00a0\u00bb\u00a0\u00bb style=\u00a0\u00bbsolid\u00a0\u00bb gap=\u00a0\u00bbshort\u00a0\u00bb css_params=\u00a0\u00bb\u00a0\u00bb][vc_empty_space height=\u00a0\u00bb64px\u00a0\u00bb css_params=\u00a0\u00bb\u00a0\u00bb][vc_single_image image=\u00a0\u00bb8865&Prime; img_size=\u00a0\u00bbfull\u00a0\u00bb alignment=\u00a0\u00bbcenter\u00a0\u00bb onclick=\u00a0\u00bblink_image\u00a0\u00bb css=\u00a0\u00bb\u00a0\u00bb img_mwidth=\u00a0\u00bb{\u00ab\u00a0xl\u00ab\u00a0:\u00ab\u00a0\u00ab\u00a0,\u00ab\u00a0unit\u00ab\u00a0:\u00ab\u00a0\u00ab\u00a0,\u00ab\u00a0xs\u00ab\u00a0:\u00ab\u00a0\u00ab\u00a0,\u00ab\u00a0sm\u00ab\u00a0:\u00ab\u00a0\u00ab\u00a0,\u00ab\u00a0md\u00ab\u00a0:\u00ab\u00a0\u00ab\u00a0,\u00ab\u00a0lg\u00ab\u00a0:\u00ab\u00a0\u00ab\u00a0}\u00a0\u00bb css_params=\u00a0\u00bb\u00a0\u00bb img_width=\u00a0\u00bb{\u00ab\u00a0xl\u00ab\u00a0:\u00ab\u00a0\u00ab\u00a0,\u00ab\u00a0unit\u00ab\u00a0:\u00ab\u00a0\u00ab\u00a0,\u00ab\u00a0xs\u00ab\u00a0:\u00ab\u00a0\u00ab\u00a0,\u00ab\u00a0sm\u00ab\u00a0:\u00ab\u00a0\u00ab\u00a0,\u00ab\u00a0md\u00ab\u00a0:\u00ab\u00a0\u00ab\u00a0,\u00ab\u00a0lg\u00ab\u00a0:\u00ab\u00a0\u00ab\u00a0}\u00a0\u00bb][vc_empty_space][vc_column_text css=\u00a0\u00bb\u00a0\u00bb text_color=\u00a0\u00bb#ffffff\u00a0\u00bb css_params=\u00a0\u00bb\u00a0\u00bb]Votre inscription est officielle une fois que votre \u00e9quipe est inscrite sur Fwango ET que les deux joueurs ont pay\u00e9 sur Court Reserve. Rabais d&rsquo;early-bird jusqu&rsquo;au 24 mars 2026.[\/vc_column_text][vc_empty_space][vc_btn title=\u00a0\u00bbInscrivez maintenant\u00a0\u00bb style=\u00a0\u00bbmodern\u00a0\u00bb shape=\u00a0\u00bbrounded\u00a0\u00bb align=\u00a0\u00bbcenter\u00a0\u00bb btn_fs=\u00a0\u00bb18px\u00a0\u00bb btn_fw=\u00a0\u00bb700&Prime; css_params=\u00a0\u00bb\u00a0\u00bb link=\u00a0\u00bburl:https%3A%2F%2Ffwango.io%2Flegendmayatmtl|\u00a0\u00bb][vc_empty_space][vc_btn title=\u00a0\u00bbPayez les frais du tournoi\u00a0\u00bb style=\u00a0\u00bbmodern\u00a0\u00bb shape=\u00a0\u00bbrounded\u00a0\u00bb align=\u00a0\u00bbcenter\u00a0\u00bb btn_fs=\u00a0\u00bb18px\u00a0\u00bb btn_fw=\u00a0\u00bb700&Prime; css_params=\u00a0\u00bb\u00a0\u00bb link=\u00a0\u00bburl:https%3A%2F%2Fapp.courtreserve.com%2FOnline%2FEvents%2FPublic%2F11482%2F1947732|\u00a0\u00bb][\/vc_column][\/vc_row]<\/p>\n<\/div>","protected":false},"excerpt":{"rendered":"<p>[vc_row][vc_column][vc_separator color=\u00a0\u00bbcustom\u00a0\u00bb gap=\u00a0\u00bbtall\u00a0\u00bb gradient=\u00a0\u00bbyes\u00a0\u00bb][vc_custom_heading text=\u00a0\u00bbMTL Open\u00a0\u00bb font_container=\u00a0\u00bbtag:h1|text_align:left|color:%23ffffff\u00a0\u00bb use_theme_fonts=\u00a0\u00bbyes\u00a0\u00bb css_params=\u00a0\u00bb\u00a0\u00bb stroke_wd=\u00a0\u00bb{\u00ab\u00a0xl\u00ab\u00a0:\u00ab\u00a0\u00ab\u00a0,\u00ab\u00a0unit\u00ab\u00a0:\u00ab\u00a0\u00ab\u00a0,\u00ab\u00a0xs\u00ab\u00a0:\u00ab\u00a0\u00ab\u00a0,\u00ab\u00a0sm\u00ab\u00a0:\u00ab\u00a0\u00ab\u00a0,\u00ab\u00a0md\u00ab\u00a0:\u00ab\u00a0\u00ab\u00a0,\u00ab\u00a0lg\u00ab\u00a0:\u00ab\u00a0\u00ab\u00a0}\u00a0\u00bb][vc_separator color=\u00a0\u00bbwhite\u00a0\u00bb align=\u00a0\u00bbalign_left\u00a0\u00bb border_width=\u00a0\u00bb3&Prime; el_width=\u00a0\u00bb10&Prime; css_animation=\u00a0\u00bbfadeInLeft\u00a0\u00bb css=\u00a0\u00bb\u00a0\u00bb style=\u00a0\u00bbsolid\u00a0\u00bb gap=\u00a0\u00bbshort\u00a0\u00bb css_params=\u00a0\u00bb\u00a0\u00bb][vc_empty_space height=\u00a0\u00bb64px\u00a0\u00bb css_params=\u00a0\u00bb\u00a0\u00bb][\/vc_column][\/vc_row][vc_row conditional_render=\u00a0\u00bb%5B%7B%22value_role%22%3A%22administrator%22%7D%5D\u00a0\u00bb css_params=\u00a0\u00bb\u00a0\u00bb][vc_column][vc_single_image image=\u00a0\u00bb7725&Prime; img_size=\u00a0\u00bbfull\u00a0\u00bb alignment=\u00a0\u00bbcenter\u00a0\u00bb onclick=\u00a0\u00bblink_image\u00a0\u00bb css=\u00a0\u00bb\u00a0\u00bb img_mwidth=\u00a0\u00bb{\u00ab\u00a0xl\u00ab\u00a0:\u00ab\u00a0\u00ab\u00a0,\u00ab\u00a0unit\u00ab\u00a0:\u00ab\u00a0\u00ab\u00a0,\u00ab\u00a0xs\u00ab\u00a0:\u00ab\u00a0\u00ab\u00a0,\u00ab\u00a0sm\u00ab\u00a0:\u00ab\u00a0\u00ab\u00a0,\u00ab\u00a0md\u00ab\u00a0:\u00ab\u00a0\u00ab\u00a0,\u00ab\u00a0lg\u00ab\u00a0:\u00ab\u00a0\u00ab\u00a0}\u00a0\u00bb css_params=\u00a0\u00bb\u00a0\u00bb img_width=\u00a0\u00bb{\u00ab\u00a0xl\u00ab\u00a0:\u00ab\u00a0\u00ab\u00a0,\u00ab\u00a0unit\u00ab\u00a0:\u00ab\u00a0\u00ab\u00a0,\u00ab\u00a0xs\u00ab\u00a0:\u00ab\u00a0\u00ab\u00a0,\u00ab\u00a0sm\u00ab\u00a0:\u00ab\u00a0\u00ab\u00a0,\u00ab\u00a0md\u00ab\u00a0:\u00ab\u00a0\u00ab\u00a0,\u00ab\u00a0lg\u00ab\u00a0:\u00ab\u00a0\u00ab\u00a0}\u00a0\u00bb][vc_empty_space][vc_column_text css=\u00a0\u00bb\u00a0\u00bb text_color=\u00a0\u00bb#ffffff\u00a0\u00bb css_params=\u00a0\u00bb\u00a0\u00bb]Le MTL Open Powered by Legend Pickleball est une s\u00e9rie de 8 tournois excitants con\u00e7ue pour les joueurs \u00e0 la recherche de [&hellip;]<\/p>\n","protected":false},"author":1,"featured_media":0,"parent":0,"menu_order":0,"comment_status":"closed","ping_status":"closed","template":"","meta":{"footnotes":""},"class_list":["post-8315","page","type-page","status-publish","hentry"],"_links":{"self":[{"href":"https:\/\/mtlpickleball.com\/fr\/wp-json\/wp\/v2\/pages\/8315","targetHints":{"allow":["GET"]}}],"collection":[{"href":"https:\/\/mtlpickleball.com\/fr\/wp-json\/wp\/v2\/pages"}],"about":[{"href":"https:\/\/mtlpickleball.com\/fr\/wp-json\/wp\/v2\/types\/page"}],"author":[{"embeddable":true,"href":"https:\/\/mtlpickleball.com\/fr\/wp-json\/wp\/v2\/users\/1"}],"replies":[{"embeddable":true,"href":"https:\/\/mtlpickleball.com\/fr\/wp-json\/wp\/v2\/comments?post=8315"}],"version-history":[{"count":55,"href":"https:\/\/mtlpickleball.com\/fr\/wp-json\/wp\/v2\/pages\/8315\/revisions"}],"predecessor-version":[{"id":9142,"href":"https:\/\/mtlpickleball.com\/fr\/wp-json\/wp\/v2\/pages\/8315\/revisions\/9142"}],"wp:attachment":[{"href":"https:\/\/mtlpickleball.com\/fr\/wp-json\/wp\/v2\/media?parent=8315"}],"curies":[{"name":"wp","href":"https:\/\/api.w.org\/{rel}","templated":true}]}}